{"id":7541,"date":"2018-09-22T18:16:17","date_gmt":"2018-09-22T18:16:17","guid":{"rendered":"http:\/\/juventud.totdominis.com\/?page_id=7541"},"modified":"2018-10-08T08:00:24","modified_gmt":"2018-10-08T08:00:24","slug":"mes-informacio-sobre-les-cookies","status":"publish","type":"page","link":"https:\/\/arturbajove.castello.es\/ca\/mes-informacio-sobre-les-cookies\/","title":{"rendered":"M\u00e9s informaci\u00f3 sobre les cookies"},"content":{"rendered":"<h3>Qu\u00e8 \u00e9s una cookie?<\/h3>\n<p>Una <em>cookie<\/em> \u00e9s un fitxer de text <b>inofensiu<\/b> que s&#8217;emmagatzema en el seu navegador quan visita quasi qualsevol p\u00e0gina web. La utilitat de la <em>cookie<\/em> \u00e9s que la web siga capa\u00e7 de recordar la seua visita quan torne a navegar per aquesta p\u00e0gina. Encara que molta gent no ho sap les <em>cookies<\/em> es porten utilitzant des de fa 20 anys, quan van apar\u00e8ixer els primers navegadors per a la World Wide Web.<\/p>\n<h3>Qu\u00e8 NO \u00c9S una cookie?<\/h3>\n<p>No \u00e9s un virus, ni un troyano, ni un cuc, ni spam, ni spyware, ni obri finestres pop-up.<\/p>\n<h3>Quina informaci\u00f3 emmagatzema una <em>cookie<\/em>?<\/h3>\n<p>Les <em>cookies<\/em> no solen emmagatzemar informaci\u00f3 sensible sobre vost\u00e8, com a targetes de cr\u00e8dit o dades banc\u00e0ries, fotografies, el seu DNI o informaci\u00f3 personal, etc. Les dades que guarden s\u00f3n de car\u00e0cter t\u00e8cnic, prefer\u00e8ncies personals, personalitzaci\u00f3 de continguts, etc.<\/p>\n<p>El servidor web no l&#8217;associa a vost\u00e8 com a persona si no al seu navegador web. De fet, si vost\u00e8 navega habitualment amb Internet Explorer i prova a navegar per la mateixa web amb Firefox o Chrome veur\u00e0 que la web no s&#8217;adona que \u00e9s vost\u00e8 la mateixa persona perqu\u00e8 en realitat est\u00e0 associant al navegador, no a la persona.<\/p>\n<h3>Quin tipus de <em>cookies<\/em> existeixen?<\/h3>\n<p><em>&#8211; Cookies<\/em> t\u00e8cniques: S\u00f3n les m\u00e9s elementals i permeten, entre altres coses, saber quan est\u00e0 navegant un hum\u00e0 o una aplicaci\u00f3 automatitzada, quan navega un usuari an\u00f2nim i un registrat, tasques b\u00e0siques per al funcionament de qualsevol web din\u00e0mica.<\/p>\n<p><em>&#8211; Cookies<\/em> d&#8217;an\u00e0lisi: Arrepleguen informaci\u00f3 sobre el tipus de navegaci\u00f3 que est\u00e0 realitzant, les seccions que m\u00e9s utilitza, productes consultats, franja hor\u00e0ria d&#8217;\u00fas, idioma, etc.<\/p>\n<p><em>&#8211; Cookies<\/em> publicit\u00e0ries: Mostren publicitat en funci\u00f3 de la seua navegaci\u00f3, el seu pa\u00eds de proced\u00e8ncia, idioma, etc.<\/p>\n<h3>Qu\u00e8 s\u00f3n les <em>cookies<\/em> pr\u00f2pies i les de tercers?<\/h3>\n<p>Les <em>cookies pr\u00f2pies<\/em> s\u00f3n les generades per la p\u00e0gina que est\u00e0 visitant i les de <em>tercers<\/em> s\u00f3n les generades per serveis o prove\u00efdors externs com Facebook, Twitter, Google, etc.<\/p>\n<h3>Qu\u00e8 ocorre si desactive les <em>cookies<\/em>?<\/h3>\n<p>Perqu\u00e8 entenga l&#8217;abast que pot tenir desactivar les <em>cookies<\/em> li mostrarem uns exemples:<br \/>\n&#8211; No podr\u00e0 compartir continguts d&#8217;aquesta web en Facebook, Twitter o qualsevol altra xarxa social.<br \/>\n&#8211; El lloc web no podr\u00e0 adaptar els continguts a les seues prefer\u00e8ncies personals, com sol oc\u00f3rrer en les tendes online.<br \/>\n&#8211; No podr\u00e0 accedir a l&#8217;\u00e0rea personal d&#8217;aquestaa web, com per exemple <em>El meu compte<\/em>, o <em>El meu perfil<\/em> o <em>Les meues comandes<\/em>.<br \/>\n&#8211; Tendes online: Li ser\u00e0 impossible realitzar compres online, hauran de ser telef\u00f2niques o visitant la tenda f\u00edsica si \u00e9s que disposa d&#8217;ella.<br \/>\n&#8211; No ser\u00e0 possible personalitzar les seues prefer\u00e8ncies geogr\u00e0fiques com a franja hor\u00e0ria, divisa o idioma.<br \/>\n&#8211; El lloc web no podr\u00e0 realitzar anal\u00edtiques web sobre visitants i tr\u00e0fic en la web, la qual cosa dificultar\u00e0 que la web siga competitiva.<br \/>\n&#8211; No podr\u00e0 escriure en el blog, no podr\u00e0 pujar fotos, publicar comentaris, valorar o puntuar continguts. La web tampoc podr\u00e0 saber si vost\u00e8 \u00e9s un hum\u00e0 o una aplicaci\u00f3 automatitzada que publica <em>spam<\/em>.<br \/>\n&#8211; No es podr\u00e0 mostrar publicitat sectorizada, la qual cosa reduir\u00e0 els ingressos publicitaris de la web.<br \/>\n&#8211; Totes les xarxes socials usen <em>cookies<\/em>, si les desactiva no podr\u00e0 utilitzar cap xarxa social.<\/p>\n<h3>Es poden eliminar les <em>cookies<\/em>?<\/h3>\n<p>S\u00ed. No solament eliminar, tamb\u00e9 bloquejar, de forma general o particular per a un domini espec\u00edfic.<\/p>\n<p>Per a eliminar les <em>cookies<\/em> d&#8217;un lloc web ha d&#8217;anar a la configuraci\u00f3 del seu navegador i all\u00ed podr\u00e0 cercar les associades al domini en q\u00fcesti\u00f3 i procedir a la seua eliminaci\u00f3.<\/p>\n<h3 id=\"navegadores\">Configuraci\u00f3 de <em>cookies<\/em> per als navegadors m\u00e9s populars<\/h3>\n<p>A continuaci\u00f3 li indiquem com accedir a una <em>cookie<\/em> determinada del navegador <b>Chrome<\/b>. Nota: aquests passos poden variar en funci\u00f3 de la versi\u00f3 del navegador:<br \/>\n1. Vaja a Configuraci\u00f3 o Prefer\u00e8ncies mitjan\u00e7ant el men\u00fa Arxiu o b\u00e9 punxant la icona de personalitzaci\u00f3 que apareix a dalt a la dreta.<br \/>\n2. Veur\u00e0 diferents seccions, punxe l&#8217;opci\u00f3 <em>Mostrar opcions avan\u00e7ades<\/em>.<br \/>\n3. Vaja <em>a Privadesa<\/em>, <em>Configuraci\u00f3 de contingut<\/em>.<br \/>\n4. Seleccione <em>Totes les <em>cookies<\/em> i les dades de llocs<\/em>.<br \/>\n5. Apareixer\u00e0 un llistat amb <em>totes les cookies<\/em> ordenades per domini. Perqu\u00e8 li siga m\u00e9s f\u00e0cil trobar les <em>cookies<\/em> d&#8217;un determinat domini introdu\u00efsca parcial o totalment l&#8217;adre\u00e7a en el camp <em>Cercar cookies<\/em>.<br \/>\n6. Despr\u00e9s de realitzar aquest filtre apareixeran en pantalla una o diverses l\u00ednies amb <em>les cookies<\/em> de la web sol\u00b7licitada. Ara nom\u00e9s ha de seleccionar-la i pr\u00e9mer la X per a procedir a la seua eliminaci\u00f3.<\/p>\n<p>Per a accedir a la configuraci\u00f3 de <em>cookies<\/em> del navegador <b>Internet Explorer<\/b> seguisca aquests passos (poden variar en funci\u00f3 de la versi\u00f3 del navegador):<br \/>\n1. Vaja <em>a Eines<\/em>, <em>Opcions d&#8217;Internet<\/em><br \/>\n2. Fa\u00e7a clic en <em>Privadesa<\/em>.<br \/>\n3. Moga el deslizador fins a ajustar el nivell de privadesa que desitge.<\/p>\n<p>Per a accedir a la configuraci\u00f3 de <em>cookies<\/em> del navegador <b>Firefox<\/b> seguisca aquests passos (poden variar en funci\u00f3 de la versi\u00f3 del navegador):<br \/>\n1. Vaja <em>a Opcions<\/em> o <em>Prefer\u00e8ncies<\/em> segons el seu sistema operatiu.<br \/>\n2. Fa\u00e7a clic en <em>Privadesa<\/em>.<br \/>\n3. En <em>Historial<\/em> trie <em>Usar una configuraci\u00f3 personalitzada per a l&#8217;historial<\/em>.<br \/>\n4. Ara veur\u00e0 l&#8217;opci\u00f3 <em>Acceptar cookies<\/em>, pot activar-la o desactivar-la segons les seues prefer\u00e8ncies.<\/p>\n<p>Per a accedir a la configuraci\u00f3 de <em>cookies<\/em> del navegador <b>Safari per a OSX<\/b> seguisca aquests passos (poden variar en funci\u00f3 de la versi\u00f3 del navegador):<br \/>\n1. Vaja <em>a Prefer\u00e8ncies<\/em>, despr\u00e9s <em>Privadesa<\/em>.<br \/>\n2. En aquest lloc veur\u00e0 l&#8217;opci\u00f3 <em>Bloquejar cookies<\/em> perqu\u00e8 ajuste el tipus de bloqueig que desitja realitzar.<\/p>\n<p>Per a accedir a la configuraci\u00f3 de <em>cookies<\/em> del navegador <b>Safari per a iOS<\/b> seguisca aquests passos (poden variar en funci\u00f3 de la versi\u00f3 del navegador):<br \/>\n1. Vaja <em>a Ajustos<\/em>, despr\u00e9s <em>Safari<\/em>.<br \/>\n2. Vaja <em>a Privadesa i Seguretat<\/em>, veur\u00e0 l&#8217;opci\u00f3 <em>Bloquejar cookies<\/em> perqu\u00e8 ajuste el tipus de bloqueig que desitja realitzar.<\/p>\n<p>Per a accedir a la configuraci\u00f3 de <em>cookies<\/em> del navegador per a dispositius <b>Android<\/b> seguisca aquests passos (poden variar en funci\u00f3 de la versi\u00f3 del navegador):<br \/>\n1. Execute el navegador i prema la tecla <em>Men\u00fa<\/em>, despr\u00e9s <em>Ajustos<\/em>.<br \/>\n2. Vaja <em>a Seguretat i Privadesa<\/em>, veur\u00e0 l&#8217;opci\u00f3 <em>Acceptar cookies<\/em> perqu\u00e8 active o desactive la casella.<\/p>\n<p>Per a accedir a la configuraci\u00f3 de <em>cookies<\/em> del navegador per a dispositius <b>Windows Phone<\/b> seguisca aquests passos (poden variar en funci\u00f3 de la versi\u00f3 del navegador):<br \/>\n1. \u00d2briga <em>Internet Explorer<\/em>, despr\u00e9s <em>M\u00e9s<\/em>, despr\u00e9s <em>Configuraci\u00f3<\/em><br \/>\n2. Ara pot activar o desactivar la casella <em>Permetre cookies<\/em>.<\/p>\n","protected":false},"excerpt":{"rendered":"<p>Qu\u00e8 \u00e9s una cookie? Una cookie \u00e9s un fitxer de text inofensiu que s&#8217;emmagatzema en el seu navegador quan visita quasi qualsevol p\u00e0gina web. La utilitat de la cookie \u00e9s que la web siga capa\u00e7 de recordar la seua visita quan torne a navegar per&#8230;<\/p>\n","protected":false},"author":4,"featured_media":0,"parent":0,"menu_order":0,"comment_status":"closed","ping_status":"closed","template":"","meta":[],"_links":{"self":[{"href":"https:\/\/arturbajove.castello.es\/ca\/wp-json\/wp\/v2\/pages\/7541"}],"collection":[{"href":"https:\/\/arturbajove.castello.es\/ca\/wp-json\/wp\/v2\/pages"}],"about":[{"href":"https:\/\/arturbajove.castello.es\/ca\/wp-json\/wp\/v2\/types\/page"}],"author":[{"embeddable":true,"href":"https:\/\/arturbajove.castello.es\/ca\/wp-json\/wp\/v2\/users\/4"}],"replies":[{"embeddable":true,"href":"https:\/\/arturbajove.castello.es\/ca\/wp-json\/wp\/v2\/comments?post=7541"}],"version-history":[{"count":6,"href":"https:\/\/arturbajove.castello.es\/ca\/wp-json\/wp\/v2\/pages\/7541\/revisions"}],"predecessor-version":[{"id":7695,"href":"https:\/\/arturbajove.castello.es\/ca\/wp-json\/wp\/v2\/pages\/7541\/revisions\/7695"}],"wp:attachment":[{"href":"https:\/\/arturbajove.castello.es\/ca\/wp-json\/wp\/v2\/media?parent=7541"}],"curies":[{"name":"wp","href":"https:\/\/api.w.org\/{rel}","templated":true}]}}