{"id":7538,"date":"2018-09-22T18:01:35","date_gmt":"2018-09-22T18:01:35","guid":{"rendered":"http:\/\/juventud.totdominis.com\/?page_id=7538"},"modified":"2018-10-08T08:03:46","modified_gmt":"2018-10-08T08:03:46","slug":"politica-de-cookies","status":"publish","type":"page","link":"https:\/\/arturbajove.castello.es\/ca\/politica-de-cookies\/","title":{"rendered":"Pol\u00edtica de cookies"},"content":{"rendered":"<p align=\"justify\">Una <em>cookie<\/em> \u00e9s un xicotet fitxer de text que s&#8217;emmagatzema en el seu navegador quan visita quasi qualsevol p\u00e0gina web. La seua utilitat \u00e9s que la web siga capa\u00e7 de recordar la seua visita quan torne a navegar per esta p\u00e0gina. Les <em>cookies<\/em> solen emmagatzemar informaci\u00f3 de car\u00e0cter t\u00e8cnic, prefer\u00e8ncies personals, personalitzaci\u00f3 de continguts, estad\u00edstiques d&#8217;\u00fas, enlla\u00e7os a xarxes socials, acc\u00e9s a comptes d&#8217;usuari, etc. L&#8217;objectiu de la <em>cookie<\/em> \u00e9s adaptar el contingut de la web al seu perfil i necessitats, sense <em>cookies<\/em> els serveis oferits per qualsevol p\u00e0gina es veurien minvats notablement. Si desitja consultar m\u00e9s informaci\u00f3 sobre qu\u00e8 s\u00f3n les <em>cookies<\/em>, qu\u00e8 emmagatzemen, com eliminar-les, desactivar-les, etc., <a href=\"\/ca\/mes-informacio-sobre-les-cookies\/\">li preguem es dirigisca a aquest enlla\u00e7.<\/a><\/p>\n<h3>Cookies utilitzades en aquest lloc web<\/h3>\n<p align=\"justify\">Seguint les directrius de l&#8217;Ag\u00e8ncia Espanyola de Protecci\u00f3 de Dades procedim a detallar l&#8217;\u00fas de <em>cookies<\/em> que fa aquesta web amb la finalitat d&#8217;informar-li amb la m\u00e0xima exactitud possible.<\/p>\n<p>Aquest lloc web utilitza les seg\u00fcents <strong>cookies pr\u00f2pies<\/strong>:<\/p>\n<p>&#8211; Cookies de sessi\u00f3, per a garantir que els usuaris que escriguen comentaris en el blog siguen humans i no aplicacions automatitzades. D&#8217;aquesta forma es combat el <em>spam<\/em>.<\/p>\n<p>Aquest lloc web utilitza les seg\u00fcents <strong>cookies de tercers<\/strong>:<\/p>\n<p>&#8211; Google Analytics: Emmagatzema <em>cookies<\/em> per a poder elaborar estad\u00edstiques sobre el tr\u00e0fic i volum de visites d&#8217;aquesta web. En utilitzar aquest lloc web est\u00e0 consentint el tractament d&#8217;informaci\u00f3 sobre vost\u00e8 per Google. Per tant, l&#8217;exercici de qualsevol dret en aquest sentit haur\u00e0 de fer-ho comunicant directament amb Google.<\/p>\n<p>&#8211; Xarxes socials: Cada xarxa social utilitza les seues pr\u00f2pies <em>cookies<\/em> perqu\u00e8 vost\u00e8 puga punxar en botons del tipus <em>M&#8217;agrada<\/em> o <em>Compartir<\/em>.<\/p>\n<h3>Desactivaci\u00f3 o eliminaci\u00f3 de cookies<\/h3>\n<p align=\"justify\">En qualsevol moment podr\u00e0 exercir el seu dret de desactivaci\u00f3 o eliminaci\u00f3 de cookies d&#8217;aquest lloc web. Aquestes accions es realitzen de forma diferent en funci\u00f3 del navegador que estiga usant. <a href=\"\/ca\/mes-informacio-sobre-les-cookies\/\/#navegadores\">Ac\u00ed li deixem una guia r\u00e0pida per als navegadors m\u00e9s populars<\/a>.<\/p>\n<h3>Notes addicionals<\/h3>\n<p>&#8211; Ni aquesta web ni els seus\/les seues representants legals es fan responsables ni del contingut ni de la veracitat de les pol\u00edtiques de privadesa que puguen tenir els tercers esmentats en aquesta pol\u00edtica de <em>cookies<\/em>.<\/p>\n<p>&#8211; Els navegadors web s\u00f3n les eines encarregades d&#8217;emmagatzemar les <em>cookies<\/em> i des d&#8217;aquest lloc ha d&#8217;efectuar el seu dret a eliminaci\u00f3 o desactivaci\u00f3 de les mateixes. Ni aquesta web ni els seus\/les seues representants legals poden garantir la correcta o incorrecta manipulaci\u00f3 de les <em>cookies<\/em> per part dels esmentats navegadors.<\/p>\n<p>&#8211; En alguns casos \u00e9s necessari instal\u00b7lar <em>cookies<\/em> perqu\u00e8 el navegador no oblide la seua decisi\u00f3 de no acceptaci\u00f3 de les mateixes.<\/p>\n<p>&#8211; En el cas de les <em>cookies<\/em> de Google Analytics, aquesta empresa emmagatzema les <em>cookies<\/em> en servidors situats a Estats Units i es compromet a no compartir-la amb tercers, excepte en els casos en els quals siga necessari per al funcionament del sistema o quan la llei obligue a aquest efecte. Segons Google no guarda la seua adre\u00e7a IP. Google Inc. \u00e9s una companyia adherida a l&#8217;Acord de Port Segur que garanteix que totes les dades transferides seran tractats amb un nivell de protecci\u00f3 concorde a la normativa europea. Pot consultar informaci\u00f3 detallada referent a a\u00e7\u00f2 <a href=\"http:\/\/safeharbor.export.gov\/companyinfo.aspx?id=16626\" target=\"_blank\" rel=\"noopener\">en aquest enlla\u00e7<\/a>. Si desitja informaci\u00f3 sobre l&#8217;\u00fas que Google d\u00f3na a les cookies <a href=\"https:\/\/developers.google.com\/analytics\/devguides\/collection\/analyticsjs\/cookie-usage?hl=es&amp;csw=1\" target=\"_blank\" rel=\"noopener\">li adjuntem aquest altre enlla\u00e7<\/a>.<\/p>\n<p>&#8211; Per a qualsevol dubte o consulta sobre aquesta pol\u00edtica de <em>cookies<\/em> no dubte a comunicar-se amb nosaltres a trav\u00e9s de la secci\u00f3 de contacte.<\/p>\n","protected":false},"excerpt":{"rendered":"<p>Una cookie \u00e9s un xicotet fitxer de text que s&#8217;emmagatzema en el seu navegador quan visita quasi qualsevol p\u00e0gina web. La seua utilitat \u00e9s que la web siga capa\u00e7 de recordar la seua visita quan torne a navegar per esta p\u00e0gina. Les cookies solen emmagatzemar&#8230;<\/p>\n","protected":false},"author":4,"featured_media":0,"parent":0,"menu_order":0,"comment_status":"closed","ping_status":"closed","template":"","meta":[],"_links":{"self":[{"href":"https:\/\/arturbajove.castello.es\/ca\/wp-json\/wp\/v2\/pages\/7538"}],"collection":[{"href":"https:\/\/arturbajove.castello.es\/ca\/wp-json\/wp\/v2\/pages"}],"about":[{"href":"https:\/\/arturbajove.castello.es\/ca\/wp-json\/wp\/v2\/types\/page"}],"author":[{"embeddable":true,"href":"https:\/\/arturbajove.castello.es\/ca\/wp-json\/wp\/v2\/users\/4"}],"replies":[{"embeddable":true,"href":"https:\/\/arturbajove.castello.es\/ca\/wp-json\/wp\/v2\/comments?post=7538"}],"version-history":[{"count":4,"href":"https:\/\/arturbajove.castello.es\/ca\/wp-json\/wp\/v2\/pages\/7538\/revisions"}],"predecessor-version":[{"id":7697,"href":"https:\/\/arturbajove.castello.es\/ca\/wp-json\/wp\/v2\/pages\/7538\/revisions\/7697"}],"wp:attachment":[{"href":"https:\/\/arturbajove.castello.es\/ca\/wp-json\/wp\/v2\/media?parent=7538"}],"curies":[{"name":"wp","href":"https:\/\/api.w.org\/{rel}","templated":true}]}}