{"id":7431,"date":"2018-08-09T09:49:11","date_gmt":"2018-08-09T09:49:11","guid":{"rendered":"http:\/\/localhost\/arturbajove\/?page_id=7431"},"modified":"2018-10-08T08:39:19","modified_gmt":"2018-10-08T08:39:19","slug":"politica-de-datos","status":"publish","type":"page","link":"https:\/\/arturbajove.castello.es\/ca\/politica-de-datos\/","title":{"rendered":"Pol\u00edtica de dades"},"content":{"rendered":"<p>[vc_row css=&#8221;.vc_custom_1533807013138{margin-bottom: 40px !important;}&#8221;][vc_column width=&#8221;1\/6&#8243;][\/vc_column][vc_column width=&#8221;2\/3&#8243;][vc_column_text]<strong>Protecci\u00f3 de dades personals<\/strong><\/p>\n<p align=\"justify\">El prestador compleix amb la normativa espanyola de protecci\u00f3 de dades de car\u00e0cter personal, i garanteix el compliment \u00edntegre de les obligacions disposades en el <strong>Reglament 2016\/679 del Parlament Europeu i del Consell, de 27 d&#8217;abril de 2016, relatiu a la protecci\u00f3 de les persones f\u00edsiques quant al tractament i la lliure circulaci\u00f3 de dades personals<\/strong> (d&#8217;ara endavant, <strong>RGPD<\/strong>) i altra normativa vigent a cada moment, i vetlla per garantir un correcte \u00fas i tractament de les dades personals de la persona usu\u00e0ria.<\/p>\n<p><strong>Segons l&#8217;establit en l&#8217;Article 5 del RGPD<\/strong><\/p>\n<p align=\"justify\">&#8211; Les dades personals seran tractades de manera l\u00edcita, lleial i transparent en relaci\u00f3 amb l&#8217;interessat.<br \/>\n&#8211; Les dades s&#8217;arreplegaran exclusivament per a les finalitats descrites i no seran tractades ulteriorment de manera incompatible amb aquestes finalitats.<br \/>\n&#8211; Les dades seran adequades, pertinents i limitats al necessari en relaci\u00f3 amb les finalitats per als quals s\u00f3n tractats.<br \/>\n&#8211; Les dades seran exactes, i si f\u00f3ra necessari, actualitzades. S&#8217;adoptaran totes les mesures raonables perqu\u00e8 se suprimisquen o rectifiquen sense dilaci\u00f3 si les dades s\u00f3n inexactes pel que fa als finals per als quals es tracten.<br \/>\n&#8211; Les dades es mantindran de manera que es permeta la identificaci\u00f3 de les persones interessades durant no m\u00e9s temps del necessari per a les finalitats del tractament de les dades personals.<br \/>\n&#8211; Les dades es tractaran de tal manera que es garantisca una seguretat adequada mitjan\u00e7ant l&#8217;aplicaci\u00f3 de mesures de control apropiades.<\/p>\n<p><strong>Responsable del tractament de les seues dades<\/strong><\/p>\n<p><strong>Identitat:<\/strong> Ajuntament de Castell\u00f3<br \/>\n<strong>Direcci\u00f3:<\/strong> Plaza Mayor 1 , 12001 Castell\u00f3<br \/>\n<strong>Correu:<\/strong> dpd@castello.es<br \/>\n<strong>Tel\u00e8fon:<\/strong> 010<br \/>\n<strong>Contacte DPD.:<\/strong> dpd@castello.es<\/p>\n<p><strong>Finalitat del tractament de les seues dades personals<\/strong><\/p>\n<p align=\"justify\">Les dades que ens facilite mitjan\u00e7ant l&#8217;apartat de Contacte seran tractades amb la finalitat d&#8217;atendre la seua sol\u00b7licitud. Si ens envia un correu electr\u00f2nic, igualment, tractarem les dades per a donar resposta a la seua sol\u00b7licitud. La recollida i tractament de les dades personals a trav\u00e9s dels diferents formularis als quals poguera accedir a trav\u00e9s del web t\u00e9 diferents finalitats indicades en les cl\u00e0usules arreplegades en el formulari corresponent. Aquestes finalitats seran atendre la seua sol\u00b7licitud, reclamaci\u00f3, den\u00fancia i, en general, gestionar el tr\u00e0mit que inicie a trav\u00e9s de la web arturbajove.castello.es<\/p>\n<p align=\"justify\">Les dades personals proporcionades es conservaran mentre no se sol\u00b7licite la seua supressi\u00f3 per la persona usu\u00e0ria.<\/p>\n<p><strong>Legitimaci\u00f3 per al tractament de les seues dades<\/strong><\/p>\n<p align=\"justify\">La legitimaci\u00f3 per al tractament dependr\u00e0 de la seua petici\u00f3. Aix\u00ed quan estiga relacionada amb les funcions de l&#8217;Ajuntament es basaran en l&#8217;exercici de les funcions p\u00fabliques. Quan es realitze una petici\u00f3 o se subscriga a algun servei oferit per l&#8217;Ajuntament es basar\u00e0 en el seu consentiment. Quan la sol\u00b7licitud estiga relacionada amb el compliment d&#8217;una obligaci\u00f3 legal, la normativa aplicable ser\u00e0 la base de legitimaci\u00f3.<\/p>\n<p><strong>Persones destinat\u00e0ries a les quals es comunicaran les seues dades<\/strong><\/p>\n<p align=\"justify\">El prestador es declara completament en contra de l&#8217;enviament de comunicacions comercials no sol\u00b7licitades i a qualsevol tipus de conducta o manifestaci\u00f3 coneguda com \u201cspam\u201d, aix\u00ed mateix es declara comprom\u00e8s amb la lluita contra aquest tipus de pr\u00e0ctiques abusives. Per tant, el prestador garanteix a la persona usu\u00e0ria el fet que en cap concepte les dades personals recollits en el lloc web seran cedits, transferides, ni venudes a cap tercer.<br \/>\nEn cas que la persona usu\u00e0ria se subscriga a comunicacions automatitzades d&#8217;arturbajove.castello.es (butllet\u00ed de not\u00edcies, \u00faltimes entrades, etc.) posteriorment a l&#8217;1 d&#8217;abril de 2018, les dades personals que facilite per a l&#8217;alta en aquest servei s&#8217;emmagatzemaran en els servidors de MailChimp, plataforma usada per a la difusi\u00f3 dels continguts anteriorment esmentats.<\/p>\n<p><strong>Obtenci\u00f3 de les seues dades<\/strong><\/p>\n<p>Les dades personals que tractem procedeixen dels diferents formularis de registre o subscripci\u00f3 en <strong>arturbajove.castello.es. <\/strong>No es tracten dades especialment protegides.<\/p>\n<p align=\"justify\">Les categories de dades que es tracten s\u00f3n:<\/p>\n<p>&#8211; Dades d&#8217;identificaci\u00f3<br \/>\n&#8211; Adreces electr\u00f2niques<\/p>\n<p><strong>Drets de la persona usu\u00e0ria<br \/>\n<\/strong><\/p>\n<p align=\"justify\">Podr\u00e0 posar-se en contacte amb el nostre Delegat\/da de Protecci\u00f3 de Dades per qualsevol dubte que tinga referit al tractament de les seues dades de car\u00e0cter personal en la seg\u00fcent adre\u00e7a dpd@castello.es. Podr\u00e0 exercitar els drets d&#8217;Acc\u00e9s, Rectificaci\u00f3, Cancel\u00b7laci\u00f3, Portabilitat, Supressi\u00f3 o, si escau, Oposici\u00f3. Per a a\u00e7\u00f2, podr\u00e0 dirigir-se a l&#8217;Ajuntament en la seg\u00fcent adre\u00e7a Pla\u00e7a Major 1, 12001 Castell\u00f3 de la Plana, especificant el dret que sol\u00b7licita, acompanyant de document identificatiu (DNI, Passaport) En cas que actuara mitjan\u00e7ant representant legal o voluntari\/\u00e0ria, haur\u00e0 d&#8217;aportar tamb\u00e9 document que acredite la representaci\u00f3 i document identificatiu del mateix. Aix\u00ed mateix, en cas de considerar vulnerat el seu dret a la protecci\u00f3 de dades personals, podr\u00e0 dirigir-se a l&#8217;Ag\u00e8ncia Espanyola de Protecci\u00f3 de Dades (www.agpd.es).\u201d<\/p>\n<p>[\/vc_column_text][\/vc_column][vc_column width=&#8221;1\/6&#8243;][\/vc_column][\/vc_row]<\/p>\n","protected":false},"excerpt":{"rendered":"<p>[vc_row css=&#8221;.vc_custom_1533807013138{margin-bottom: 40px !important;}&#8221;][vc_column width=&#8221;1\/6&#8243;][\/vc_column][vc_column width=&#8221;2\/3&#8243;][vc_column_text]Protecci\u00f3 de dades personals El prestador compleix amb la normativa espanyola de protecci\u00f3 de dades de car\u00e0cter personal, i garanteix el compliment \u00edntegre de les obligacions disposades en el Reglament 2016\/679 del Parlament Europeu i del Consell, de 27 d&#8217;abril&#8230;<\/p>\n","protected":false},"author":4,"featured_media":0,"parent":0,"menu_order":0,"comment_status":"closed","ping_status":"closed","template":"","meta":[],"_links":{"self":[{"href":"https:\/\/arturbajove.castello.es\/ca\/wp-json\/wp\/v2\/pages\/7431"}],"collection":[{"href":"https:\/\/arturbajove.castello.es\/ca\/wp-json\/wp\/v2\/pages"}],"about":[{"href":"https:\/\/arturbajove.castello.es\/ca\/wp-json\/wp\/v2\/types\/page"}],"author":[{"embeddable":true,"href":"https:\/\/arturbajove.castello.es\/ca\/wp-json\/wp\/v2\/users\/4"}],"replies":[{"embeddable":true,"href":"https:\/\/arturbajove.castello.es\/ca\/wp-json\/wp\/v2\/comments?post=7431"}],"version-history":[{"count":7,"href":"https:\/\/arturbajove.castello.es\/ca\/wp-json\/wp\/v2\/pages\/7431\/revisions"}],"predecessor-version":[{"id":7705,"href":"https:\/\/arturbajove.castello.es\/ca\/wp-json\/wp\/v2\/pages\/7431\/revisions\/7705"}],"wp:attachment":[{"href":"https:\/\/arturbajove.castello.es\/ca\/wp-json\/wp\/v2\/media?parent=7431"}],"curies":[{"name":"wp","href":"https:\/\/api.w.org\/{rel}","templated":true}]}}