{"id":7420,"date":"2018-08-09T09:08:12","date_gmt":"2018-08-09T09:08:12","guid":{"rendered":"http:\/\/localhost\/arturbajove\/?page_id=7420"},"modified":"2018-10-08T07:46:43","modified_gmt":"2018-10-08T07:46:43","slug":"limitacio-de-responsabilitat","status":"publish","type":"page","link":"https:\/\/arturbajove.castello.es\/ca\/limitacio-de-responsabilitat\/","title":{"rendered":"Limitaci\u00f3 de responsabilitat"},"content":{"rendered":"<p>[vc_row css=&#8221;.vc_custom_1533805832650{margin-bottom: 40px !important;}&#8221;][vc_column width=&#8221;1\/6&#8243;][\/vc_column][vc_column width=&#8221;2\/3&#8243;][vc_column_text]<\/p>\n<p align=\"justify\">Tota persona que accedisca a aquest lloc web assumeix el paper d&#8217;usu\u00e0ria, comprometent-se a l&#8217;observan\u00e7a i compliment rigor\u00f3s de les disposicions ac\u00ed disposades, aix\u00ed com a qualsevol altra disposici\u00f3 legal que f\u00f3ra aplicable.<\/p>\n<p align=\"justify\">El prestador s&#8217;eximeix de qualsevol tipus de responsabilitat derivada de la informaci\u00f3 publicada en el seu lloc web i per la falta de disponibilitat (caigudes) del lloc el qual efectuar\u00e0 a m\u00e9s parades peri\u00f2diques per manteniments t\u00e8cnics. A m\u00e9s, el prestador es reserva el dret a modificar qualsevol tipus d&#8217;informaci\u00f3 que poguera apar\u00e8ixer en el lloc web, sense que existisca obligaci\u00f3 de preavisar o posar en coneixement de les persones usu\u00e0ries aquestes obligacions, entenent-se com a suficient amb la publicaci\u00f3 en el lloc web del prestador.<\/p>\n<p align=\"justify\">En tot cas, el prestador es compromet a la retirada immediata de qualsevol contingut que poguera contravenir la legislaci\u00f3 nacional o internacional, la moral o l&#8217;ordre p\u00fablic, procedint a la retirada immediata i posant en coneixement de les autoritats competents el contingut en q\u00fcesti\u00f3.<\/p>\n<p>[\/vc_column_text][\/vc_column][vc_column width=&#8221;1\/6&#8243;][\/vc_column][\/vc_row]<\/p>\n","protected":false},"excerpt":{"rendered":"<p>[vc_row css=&#8221;.vc_custom_1533805832650{margin-bottom: 40px !important;}&#8221;][vc_column width=&#8221;1\/6&#8243;][\/vc_column][vc_column width=&#8221;2\/3&#8243;][vc_column_text] Tota persona que accedisca a aquest lloc web assumeix el paper d&#8217;usu\u00e0ria, comprometent-se a l&#8217;observan\u00e7a i compliment rigor\u00f3s de les disposicions ac\u00ed disposades, aix\u00ed com a qualsevol altra disposici\u00f3 legal que f\u00f3ra aplicable. El prestador s&#8217;eximeix de qualsevol tipus&#8230;<\/p>\n","protected":false},"author":4,"featured_media":0,"parent":0,"menu_order":0,"comment_status":"closed","ping_status":"closed","template":"","meta":[],"_links":{"self":[{"href":"https:\/\/arturbajove.castello.es\/ca\/wp-json\/wp\/v2\/pages\/7420"}],"collection":[{"href":"https:\/\/arturbajove.castello.es\/ca\/wp-json\/wp\/v2\/pages"}],"about":[{"href":"https:\/\/arturbajove.castello.es\/ca\/wp-json\/wp\/v2\/types\/page"}],"author":[{"embeddable":true,"href":"https:\/\/arturbajove.castello.es\/ca\/wp-json\/wp\/v2\/users\/4"}],"replies":[{"embeddable":true,"href":"https:\/\/arturbajove.castello.es\/ca\/wp-json\/wp\/v2\/comments?post=7420"}],"version-history":[{"count":6,"href":"https:\/\/arturbajove.castello.es\/ca\/wp-json\/wp\/v2\/pages\/7420\/revisions"}],"predecessor-version":[{"id":7690,"href":"https:\/\/arturbajove.castello.es\/ca\/wp-json\/wp\/v2\/pages\/7420\/revisions\/7690"}],"wp:attachment":[{"href":"https:\/\/arturbajove.castello.es\/ca\/wp-json\/wp\/v2\/media?parent=7420"}],"curies":[{"name":"wp","href":"https:\/\/api.w.org\/{rel}","templated":true}]}}