{"id":7207,"date":"2018-08-06T10:49:19","date_gmt":"2018-08-06T10:49:19","guid":{"rendered":"http:\/\/localhost\/arturbajove\/?page_id=7207"},"modified":"2018-10-25T08:49:32","modified_gmt":"2018-10-25T08:49:32","slug":"sol%c2%b7licitud-alta-baixa-grafit","status":"publish","type":"page","link":"https:\/\/arturbajove.castello.es\/ca\/sol%c2%b7licitud-alta-baixa-grafit\/","title":{"rendered":"SOL\u00b7LICITUD ALTA\/BAIXA"},"content":{"rendered":"<p>[vc_row][vc_column][vc_column_text]<\/p>\n<h3>Sol\u00b7licitud alta\/baixa cens d&#8217;artistes joves &#8211; Grafit<\/h3>\n<p>[\/vc_column_text][vc_empty_space height=&#8221;20px&#8221;][vc_column_text]A continuaci\u00f3 adjuntem un formulari a trav\u00e9s del qual podr\u00e0s donar-te d&#8217;alta en el cens d&#8217;artistes joves, modalitat grafit. Per poder inscriure&#8217;t has de ser artista jove, nascut\/da i\/o resident a Castell\u00f3 de la Plana amb edat compresa entre els 14 y els 35 anys (ambdues incloses).<\/p>\n<p>Tamb\u00e9 tens disponible un formulari per donar-te de baixa en el moment que ho desitges.[\/vc_column_text][\/vc_column][\/vc_row][vc_row css=&#8221;.vc_custom_1533552690826{margin-top: 48px !important;margin-bottom: 48px !important;margin-left: 48px !important;}&#8221;][vc_column width=&#8221;1\/2&#8243;]<a href=\"\/ca\/sol%C2%B7licitud-d-alta-en-el-cens-d-artistes-jovens-grafit\/\" target=\"_self\" style=\"font-weight: 600\" class=\"edgtf-btn edgtf-btn-medium edgtf-btn-solid\"  >\n\t<span class=\"edgtf-btn-text\">SOL\u00b7LICITUD D&#039;ALTA EN EL CENS D&#039;ARTISTES JOVES<\/span>\n    <\/a>[\/vc_column][vc_column width=&#8221;1\/2&#8243;]<a href=\"\/ca\/artistes-grafit\/sol%C2%B7licitud-de-baixa-el-cens-dartistes-jovens-grafit\/\" target=\"_self\" style=\"font-weight: 600\" class=\"edgtf-btn edgtf-btn-medium edgtf-btn-solid\"  >\n\t<span class=\"edgtf-btn-text\">SOL\u00b7LICITUD DE BAIXA EN EL CENS D&#039;ARTISTES JOVES<\/span>\n    <\/a>[\/vc_column][\/vc_row]<\/p>\n","protected":false},"excerpt":{"rendered":"<p>[vc_row][vc_column][vc_column_text] Sol\u00b7licitud alta\/baixa cens d&#8217;artistes joves &#8211; Grafit [\/vc_column_text][vc_empty_space height=&#8221;20px&#8221;][vc_column_text]A continuaci\u00f3 adjuntem un formulari a trav\u00e9s del qual podr\u00e0s donar-te d&#8217;alta en el cens d&#8217;artistes joves, modalitat grafit. Per poder inscriure&#8217;t has de ser artista jove, nascut\/da i\/o resident a Castell\u00f3 de la Plana amb&#8230;<\/p>\n","protected":false},"author":4,"featured_media":0,"parent":0,"menu_order":0,"comment_status":"closed","ping_status":"closed","template":"","meta":[],"_links":{"self":[{"href":"https:\/\/arturbajove.castello.es\/ca\/wp-json\/wp\/v2\/pages\/7207"}],"collection":[{"href":"https:\/\/arturbajove.castello.es\/ca\/wp-json\/wp\/v2\/pages"}],"about":[{"href":"https:\/\/arturbajove.castello.es\/ca\/wp-json\/wp\/v2\/types\/page"}],"author":[{"embeddable":true,"href":"https:\/\/arturbajove.castello.es\/ca\/wp-json\/wp\/v2\/users\/4"}],"replies":[{"embeddable":true,"href":"https:\/\/arturbajove.castello.es\/ca\/wp-json\/wp\/v2\/comments?post=7207"}],"version-history":[{"count":13,"href":"https:\/\/arturbajove.castello.es\/ca\/wp-json\/wp\/v2\/pages\/7207\/revisions"}],"predecessor-version":[{"id":7794,"href":"https:\/\/arturbajove.castello.es\/ca\/wp-json\/wp\/v2\/pages\/7207\/revisions\/7794"}],"wp:attachment":[{"href":"https:\/\/arturbajove.castello.es\/ca\/wp-json\/wp\/v2\/media?parent=7207"}],"curies":[{"name":"wp","href":"https:\/\/api.w.org\/{rel}","templated":true}]}}