{"id":6294,"date":"2018-02-09T10:55:18","date_gmt":"2018-02-09T10:55:18","guid":{"rendered":"http:\/\/arturbajove.com\/?page_id=6294"},"modified":"2018-10-16T12:15:47","modified_gmt":"2018-10-16T12:15:47","slug":"grafit","status":"publish","type":"page","link":"https:\/\/arturbajove.castello.es\/ca\/disciplines-artistiques\/grafit\/","title":{"rendered":"GRAFIT"},"content":{"rendered":"<p>[vc_row css=&#8221;.vc_custom_1533209116348{margin-bottom: 48px !important;}&#8221;][vc_column width=&#8221;1\/2&#8243;][vc_column_text]ART URB\u00c0 JOVE inicia el seu recorregut des del m\u00f3n del grafit. Des de fa diverses d\u00e8cades l&#8217;art urb\u00e0, i sobretot el grafit com a forma art\u00edstica d&#8217;expressi\u00f3, s&#8217;ha convertit en part de la realitat de les nostres ciutats. Amb la finalitat d&#8217;oferir noves oportunitats, regular, gestionar i promocionar esta forma d&#8217;expressi\u00f3 art\u00edstica i cultural en els nostres carrers, naix el projecte ART URB\u00c0 JOVE &#8211; GRAFIT.<\/p>\n<p>A continuaci\u00f3 t&#8217;oferim informaci\u00f3 sobre espais p\u00fablics en qu\u00e8 poder realitzar grafits, un cens d&#8217;artistes de grafit i not\u00edcies sobre ART URB\u00c0 JOVE &#8211; GRAFIT:[\/vc_column_text][\/vc_column][vc_column width=&#8221;1\/2&#8243;][vc_column_text]<\/p>\n<div id=\"attachment_6903\" style=\"width: 660px\" class=\"wp-caption alignnone\"><img aria-describedby=\"caption-attachment-6903\" loading=\"lazy\" class=\"wp-image-6903 size-full\" src=\"\/wp-content\/uploads\/2018\/07\/IImagen_grafiti1.jpg\" alt=\"\" width=\"650\" height=\"291\" srcset=\"https:\/\/arturbajove.castello.es\/wp-content\/uploads\/2018\/07\/IImagen_grafiti1.jpg 650w, https:\/\/arturbajove.castello.es\/wp-content\/uploads\/2018\/07\/IImagen_grafiti1-300x134.jpg 300w\" sizes=\"(max-width: 650px) 100vw, 650px\" \/><p id=\"caption-attachment-6903\" class=\"wp-caption-text\">GRAFIT &#8211; CASAL JOVE Paret exterior pati<\/p><\/div>\n<p>[\/vc_column_text][\/vc_column][\/vc_row][vc_row][vc_column width=&#8221;1\/2&#8243;][vc_empty_space][vc_column_text]<\/p>\n<h1 style=\"text-align: left;\">ESPAIS GRAFIT<\/h1>\n<p>[\/vc_column_text]<div class=\"edgtf-separator-holder clearfix  edgtf-separator-left\">\n\t<div class=\"edgtf-separator\" style=\"border-color: #55a3b7;border-style: solid;width: 30px;border-bottom-width: 2px;margin-top: 17px;margin-bottom: 20px\"><\/div>\n<\/div>\n[vc_column_text]Son una s\u00e8rie d&#8217;espais p\u00fablics habilitats perqu\u00e8 els\/les joves artistes puguen realitzar grafits. Es divideixen en dos tipus:<\/p>\n<h3>&#8211; ESPAIS GRAFIT LLIURE<\/h3>\n<p>Poden ser utilitzats per qualsevol persona que desitge realitzar un grafit sense necessitat de sol\u00b7licitud pr\u00e8via.[\/vc_column_text][vc_empty_space height=&#8221;20px&#8221;]<a href=\"\/ca\/disciplines-artistiques\/grafit\/espais-grafit-lliure\/\" target=\"_self\" style=\"font-weight: 600\" class=\"edgtf-btn edgtf-btn-medium edgtf-btn-outline\"  >\n\t<span class=\"edgtf-btn-text\">+INFO ESPAIS GRAFIT LLIURE<\/span>\n    <\/a>[vc_empty_space height=&#8221;20px&#8221;][vc_column_text]<\/p>\n<h3>&#8211; ESPAIS GRAFIT\u00a0AMB RESERVA<\/h3>\n<p>Poden ser utilitzats per qualsevol persona jove, nascuda o resident en Castell\u00f3 de la Plana amb edats compreses entre els 14 i 35 anys, que desitge realitzar un grafit, pr\u00e8via presentaci\u00f3 de sol\u00b7licitud i <strong>despr\u00e9s d&#8217;obtenci\u00f3 d&#8217;autorizaci\u00f3 favorable.<\/strong>[\/vc_column_text][vc_empty_space height=&#8221;20px&#8221;]<a href=\"\/ca\/disciplines-artistiques\/grafit\/espai-grafit-amb-reserva\/\" target=\"_self\" style=\"font-weight: 600\" class=\"edgtf-btn edgtf-btn-medium edgtf-btn-outline\"  >\n\t<span class=\"edgtf-btn-text\">+INFO ESPAIS GRAFIT AMB RESERVA<\/span>\n    <\/a>[vc_empty_space height=&#8221;20px&#8221;][\/vc_column][vc_column width=&#8221;1\/2&#8243;][vc_empty_space][vc_column_text]<\/p>\n<h1 style=\"text-align: left;\">CENS D&#8217;ARTISTES<\/h1>\n<p>[\/vc_column_text]<div class=\"edgtf-separator-holder clearfix  edgtf-separator-left\">\n\t<div class=\"edgtf-separator\" style=\"border-color: #55a3b7;border-style: solid;width: 30px;border-bottom-width: 2px;margin-top: 17px;margin-bottom: 20px\"><\/div>\n<\/div>\n[vc_column_text]Des del projecte ART URB\u00c0 JOVE es pret\u00e9n augmentar la visibilitat dels\/de les artistes joves, nascuts\/des i\/o residents en Castell\u00f3 de la Plana amb edats compreses entre els 14 i 35 anys, i de les seues obres. Per aquest motiu, es posa a la seua disposici\u00f3 un directori on inscriure&#8217;s i publicar la seua informaci\u00f3 professional i dades de contacte.[\/vc_column_text][vc_empty_space height=&#8221;20px&#8221;]<a href=\"\/ca\/artistes-grafit\/\" target=\"_self\" style=\"font-weight: 600\" class=\"edgtf-btn edgtf-btn-medium edgtf-btn-outline\"  >\n\t<span class=\"edgtf-btn-text\">+ INFO Cens d&#039;Artistes Joves - Grafit<\/span>\n    <\/a>[vc_empty_space height=&#8221;20px&#8221;][vc_column_text]<\/p>\n<h3>&#8211; SOL\u00b7LICITUD ALTA\/BAIXA<\/h3>\n<p>Si vols donar-te d&#8217;alta o de baixa en el directori d&#8217;artistes pots fer-ho a trav\u00e9s dels seg\u00fcents enlla\u00e7os:[\/vc_column_text][vc_empty_space height=&#8221;20px&#8221;]<a href=\"\/ca\/sol%c2%b7licitud-d-alta-en-el-cens-d-artistes-jovens-grafit\/\" target=\"_self\" style=\"font-weight: 600\" class=\"edgtf-btn edgtf-btn-medium edgtf-btn-solid\"  >\n\t<span class=\"edgtf-btn-text\">Sol\u00b7licitud d&#039;ALTA en el cens d&#039;Artistes Joves - Grafit<\/span>\n    <\/a>[vc_empty_space height=&#8221;20px&#8221;]<a href=\"\/ca\/artistes-grafit\/sol%c2%b7licitud-de-baixa-el-cens-dartistes-jovens-grafit\/\" target=\"_self\" style=\"font-weight: 600\" class=\"edgtf-btn edgtf-btn-medium edgtf-btn-solid\"  >\n\t<span class=\"edgtf-btn-text\">Sol\u00b7licitud de BAIXA en el cens d&#039;Artistes Joves - Grafit<\/span>\n    <\/a>[vc_empty_space height=&#8221;20px&#8221;][\/vc_column][\/vc_row]<\/p>\n","protected":false},"excerpt":{"rendered":"<p>[vc_row css=&#8221;.vc_custom_1533209116348{margin-bottom: 48px !important;}&#8221;][vc_column width=&#8221;1\/2&#8243;][vc_column_text]ART URB\u00c0 JOVE inicia el seu recorregut des del m\u00f3n del grafit. Des de fa diverses d\u00e8cades l&#8217;art urb\u00e0, i sobretot el grafit com a forma art\u00edstica d&#8217;expressi\u00f3, s&#8217;ha convertit en part de la realitat de les nostres ciutats. Amb la&#8230;<\/p>\n","protected":false},"author":4,"featured_media":0,"parent":5622,"menu_order":0,"comment_status":"closed","ping_status":"closed","template":"","meta":[],"_links":{"self":[{"href":"https:\/\/arturbajove.castello.es\/ca\/wp-json\/wp\/v2\/pages\/6294"}],"collection":[{"href":"https:\/\/arturbajove.castello.es\/ca\/wp-json\/wp\/v2\/pages"}],"about":[{"href":"https:\/\/arturbajove.castello.es\/ca\/wp-json\/wp\/v2\/types\/page"}],"author":[{"embeddable":true,"href":"https:\/\/arturbajove.castello.es\/ca\/wp-json\/wp\/v2\/users\/4"}],"replies":[{"embeddable":true,"href":"https:\/\/arturbajove.castello.es\/ca\/wp-json\/wp\/v2\/comments?post=6294"}],"version-history":[{"count":61,"href":"https:\/\/arturbajove.castello.es\/ca\/wp-json\/wp\/v2\/pages\/6294\/revisions"}],"predecessor-version":[{"id":7740,"href":"https:\/\/arturbajove.castello.es\/ca\/wp-json\/wp\/v2\/pages\/6294\/revisions\/7740"}],"up":[{"embeddable":true,"href":"https:\/\/arturbajove.castello.es\/ca\/wp-json\/wp\/v2\/pages\/5622"}],"wp:attachment":[{"href":"https:\/\/arturbajove.castello.es\/ca\/wp-json\/wp\/v2\/media?parent=6294"}],"curies":[{"name":"wp","href":"https:\/\/api.w.org\/{rel}","templated":true}]}}