{"id":6284,"date":"2018-02-09T07:52:05","date_gmt":"2018-02-09T07:52:05","guid":{"rendered":"http:\/\/arturbajove.com\/?page_id=6284"},"modified":"2018-10-25T07:02:18","modified_gmt":"2018-10-25T07:02:18","slug":"sol%c2%b7licitud-d-alta-en-el-cens-d-artistes-jovens-grafit","status":"publish","type":"page","link":"https:\/\/arturbajove.castello.es\/ca\/sol%c2%b7licitud-d-alta-en-el-cens-d-artistes-jovens-grafit\/","title":{"rendered":"Sol\u00b7licitut d&#8217;ALTA en el CENS D&#8217;ARTISTES JOVES &#8211; GRAFIT"},"content":{"rendered":"<p>[vc_row content_width=&#8221;grid&#8221;][vc_column width=&#8221;2\/3&#8243;]<div role=\"form\" class=\"wpcf7\" id=\"wpcf7-f6433-o1\" lang=\"va-VAL\" dir=\"ltr\">\n<div class=\"screen-reader-response\"><p role=\"status\" aria-live=\"polite\" aria-atomic=\"true\"><\/p> <ul><\/ul><\/div>\n<form action=\"\/ca\/wp-json\/wp\/v2\/pages\/6284#wpcf7-f6433-o1\" method=\"post\" class=\"wpcf7-form init wpcf7-acceptance-as-validation\" novalidate=\"novalidate\" data-status=\"init\">\n<div style=\"display: none;\">\n<input type=\"hidden\" name=\"_wpcf7\" value=\"6433\" \/>\n<input type=\"hidden\" name=\"_wpcf7_version\" value=\"5.5.3\" \/>\n<input type=\"hidden\" name=\"_wpcf7_locale\" value=\"va_VAL\" \/>\n<input type=\"hidden\" name=\"_wpcf7_unit_tag\" value=\"wpcf7-f6433-o1\" \/>\n<input type=\"hidden\" name=\"_wpcf7_container_post\" value=\"0\" \/>\n<input type=\"hidden\" name=\"_wpcf7_posted_data_hash\" value=\"\" \/>\n<\/div>\n<p><span class=\"wpcf7-form-control-wrap your-name\"><input type=\"text\" name=\"your-name\" value=\"\" size=\"40\" class=\"wpcf7-form-control wpcf7-text wpcf7-validates-as-required\" id=\"entrada\" aria-required=\"true\" aria-invalid=\"false\" placeholder=\"Nom i Cognoms (*)\" \/><\/span><\/p>\n<p><span class=\"wpcf7-form-control-wrap your-fecha-nacimiento\"><input type=\"text\" name=\"your-fecha-nacimiento\" value=\"\" size=\"40\" class=\"wpcf7-form-control wpcf7-text wpcf7-validates-as-required\" id=\"entrada\" aria-required=\"true\" aria-invalid=\"false\" placeholder=\"Data de naixement (*)\" \/><\/span> <\/p>\n<p><span class=\"wpcf7-form-control-wrap your-dni-nie\"><input type=\"text\" name=\"your-dni-nie\" value=\"\" size=\"40\" class=\"wpcf7-form-control wpcf7-text wpcf7-validates-as-required\" id=\"entrada\" aria-required=\"true\" aria-invalid=\"false\" placeholder=\"DNI o NIE (*)\" \/><\/span><\/p>\n<p><span class=\"wpcf7-form-control-wrap your-direccion\"><input type=\"text\" name=\"your-direccion\" value=\"\" size=\"40\" class=\"wpcf7-form-control wpcf7-text wpcf7-validates-as-required\" id=\"entrada\" aria-required=\"true\" aria-invalid=\"false\" placeholder=\"Direcci\u00f3 (*)\" \/><\/span><\/p>\n<p><span class=\"wpcf7-form-control-wrap your-codigo-postal\"><input type=\"text\" name=\"your-codigo-postal\" value=\"\" size=\"40\" class=\"wpcf7-form-control wpcf7-text wpcf7-validates-as-required\" id=\"entrada\" aria-required=\"true\" aria-invalid=\"false\" placeholder=\"Codi Postal (*)\" \/><\/span><\/p>\n<p><span class=\"wpcf7-form-control-wrap your-localidad\"><input type=\"text\" name=\"your-localidad\" value=\"\" size=\"40\" class=\"wpcf7-form-control wpcf7-text wpcf7-validates-as-required\" id=\"entrada\" aria-required=\"true\" aria-invalid=\"false\" placeholder=\"Localitat (*)\" \/><\/span><\/p>\n<p><span class=\"wpcf7-form-control-wrap your-telefono\"><input type=\"tel\" name=\"your-telefono\" value=\"\" size=\"40\" class=\"wpcf7-form-control wpcf7-text wpcf7-tel wpcf7-validates-as-required wpcf7-validates-as-tel\" id=\"entrada\" aria-required=\"true\" aria-invalid=\"false\" placeholder=\"Tel\u00e8fon (*)\" \/><\/span><\/p>\n<p><span class=\"wpcf7-form-control-wrap your-email\"><input type=\"email\" name=\"your-email\" value=\"\" size=\"40\" class=\"wpcf7-form-control wpcf7-text wpcf7-email wpcf7-validates-as-required wpcf7-validates-as-email\" id=\"entrada\" aria-required=\"true\" aria-invalid=\"false\" placeholder=\"Adre\u00e7a electr\u00f2nica (*)\" \/><\/span><\/p>\n<p><label> (*) Camps obligatoris<br \/>\n-------------------------------------------------------------------------------- <\/label><\/p>\n<p><span class=\"wpcf7-form-control-wrap your-nombre-artistico\"><input type=\"text\" name=\"your-nombre-artistico\" value=\"\" size=\"40\" class=\"wpcf7-form-control wpcf7-text\" id=\"entrada\" aria-invalid=\"false\" placeholder=\"Nom artistic\" \/><\/span><\/p>\n<p><span class=\"wpcf7-form-control-wrap your-estilo-artistico\"><input type=\"text\" name=\"your-estilo-artistico\" value=\"\" size=\"40\" class=\"wpcf7-form-control wpcf7-text\" id=\"entrada\" aria-invalid=\"false\" placeholder=\"Estil artistic\" \/><\/span><\/p>\n<p><span class=\"wpcf7-form-control-wrap your-web-blog\"><input type=\"text\" name=\"your-web-blog\" value=\"\" size=\"40\" class=\"wpcf7-form-control wpcf7-text\" id=\"entrada\" aria-invalid=\"false\" placeholder=\"Web \/ Blog\" \/><\/span><\/p>\n<p><span class=\"wpcf7-form-control-wrap your-facebook\"><input type=\"text\" name=\"your-facebook\" value=\"\" size=\"40\" class=\"wpcf7-form-control wpcf7-text\" id=\"entrada\" aria-invalid=\"false\" placeholder=\"Facebook\" \/><\/span><\/p>\n<p><span class=\"wpcf7-form-control-wrap your-twitter\"><input type=\"text\" name=\"your-twitter\" value=\"\" size=\"40\" class=\"wpcf7-form-control wpcf7-text\" id=\"entrada\" aria-invalid=\"false\" placeholder=\"Twitter\" \/><\/span><\/p>\n<p><span class=\"wpcf7-form-control-wrap your-otras-redes\"><textarea name=\"your-otras-redes\" cols=\"40\" rows=\"5\" class=\"wpcf7-form-control wpcf7-textarea\" id=\"area_texto\" aria-invalid=\"false\" placeholder=\"Altres xarxes socials (una per linia)\"><\/textarea><\/span><\/p>\n<p><span class=\"wpcf7-form-control-wrap your-perfil\"><textarea name=\"your-perfil\" cols=\"40\" rows=\"5\" class=\"wpcf7-form-control wpcf7-textarea\" id=\"area_texto\" aria-invalid=\"false\" placeholder=\"Imatges per a publicar en el perfil + Imatges per a portafoli (Haur\u00e0s de pujar les imatges a serveis d&#039;allotjament\/transfer\u00e8ncia en el n\u00favol (Google drive, Dropbox, Wetranfer, etc.) i passar-nos l&#039;enlla\u00e7.)\"><\/textarea><\/span><\/p>\n<p><span class=\"wpcf7-form-control-wrap your-videos-links\"><textarea name=\"your-videos-links\" cols=\"40\" rows=\"5\" class=\"wpcf7-form-control wpcf7-textarea\" id=\"area_texto\" aria-invalid=\"false\" placeholder=\"Enlla\u00e7os a v\u00eddeos (un link per linia)\"><\/textarea><\/span><\/p>\n<p><span class=\"wpcf7-form-control-wrap your-breve-cv\"><textarea name=\"your-breve-cv\" cols=\"20\" rows=\"5\" class=\"wpcf7-form-control wpcf7-textarea\" id=\"area_texto\" aria-invalid=\"false\" placeholder=\"Breu curriculum\"><\/textarea><\/span><\/p>\n<p><span class=\"wpcf7-form-control-wrap your-observacions\"><textarea name=\"your-observacions\" cols=\"40\" rows=\"5\" class=\"wpcf7-form-control wpcf7-textarea\" id=\"area_texto\" aria-invalid=\"false\" placeholder=\"Observacions\"><\/textarea><\/span><\/p>\n<p><label> <span class=\"wpcf7-form-control-wrap solucitud-condiciones\"><span class=\"wpcf7-form-control wpcf7-checkbox wpcf7-validates-as-required\"><span class=\"wpcf7-list-item first last\"><input type=\"checkbox\" name=\"solucitud-condiciones[]\" value=\"\" \/><span class=\"wpcf7-list-item-label\"><\/span><\/span><\/span><\/span> <a href=\"https:\/\/arturbajove.castello.es\/wp-content\/uploads\/2018\/09\/Condiciones-directorio_val.pdf\" target=\"_blank\">Condicions de la Sol\u00b7licitud<\/a> d'ALTA en el CENS D'ARTISTES JOVES \u2013 GRAFIT<\/label><\/p>\n<p><strong>Reglament General de Protecci\u00f3 de Dades<\/strong><\/p>\n<p align=\"justify\"><label>De conformitat amb l'establit en el Reglament (UE) 2016\/679 del Parlament Europeu i del Consell de 27 d'abril de 2016 relatiu a la protecci\u00f3 de les persones f\u00edsiques pel que fa al tractament de dades personals i a la lliure circulaci\u00f3 d'aquestes dades, AUTORITZE: que les dades que adjunte siguen incloses en el directori d'artistes joves - ART URB\u00c0 JOVE de l'Ajuntament de Castell\u00f3.<\/label><\/p>\n<p><span class=\"wpcf7-form-control-wrap aceptacion-rgpd\"><span class=\"wpcf7-form-control wpcf7-acceptance\"><span class=\"wpcf7-list-item\"><label><input type=\"checkbox\" name=\"aceptacion-rgpd\" value=\"1\" aria-invalid=\"false\" \/><span class=\"wpcf7-list-item-label\">S\u00ed, autoritze<\/span><\/label><\/span><\/span><\/span><br><\/p>\n<p align=\"justify\"><label>En qualsevol moment podr\u00e0s revocar el teu consentiment a trav\u00e9s del Responsable del Tractament. Pots ampliar la informaci\u00f3 sobre la nostra pol\u00edtica de dades en <a href=\"\/ca\/politica-de-datos\/\" target=\"_blank\">enlla\u00e7<\/a>. Amb la subscripci\u00f3 acceptes que processem la teua informaci\u00f3 d'acord amb aquests termes.<\/label><\/p>\n<p><strong>Informaci\u00f3 b\u00e0sica sobre protecci\u00f3 de dades<\/strong><\/p>\n<table class=\"reglamento\">\n<tr>\n<td>Responsable Tractament<\/td>\n<td>Ajuntament de Castell\u00f3. Regidoria de Joventut.<\/td>\n<\/tr>\n<tr>\n<td>Finalitat del Tractament<\/td>\n<td>Donar d'alta a la persona interessada en el directori d'artistes joves de l'Ajuntament de Castell\u00f3.<\/td>\n<\/tr>\n<tr>\n<td>Legitimaci\u00f3<\/td>\n<td>Consentiment de la persona interessada.<br>Inter\u00e9s leg\u00edtim de la persona interessada.<\/td>\n<\/tr>\n<tr>\n<td>Destinataris<\/td>\n<td>No se cediran dades a tercers, excepte obligaci\u00f3 legal.<\/td>\n<\/tr>\n<tr>\n<td>Drets<\/td>\n<td>Accedir, rectificar i suprimir les dades, aix\u00ed com altres drets que es detallen en la informaci\u00f3 addicional.<\/td>\n<\/tr>\n<tr>\n<td>Informaci\u00f3 Addicional<\/td>\n<td>Pot trobar la informaci\u00f3 addicional detallada sobre Protecci\u00f3 de dades en la Seu electr\u00f2nica de l'Ajuntament de Castell\u00f3 de la Plana, en el tr\u00e0mit electr\u00f2nic.<\/td>\n<\/tr>\n<\/table>\n<p><input type=\"submit\" value=\"Enviar\" class=\"wpcf7-form-control has-spinner wpcf7-submit\" \/><\/p>\n<div class=\"wpcf7-response-output\" aria-hidden=\"true\"><\/div><\/form><\/div>[\/vc_column][vc_column width=&#8221;1\/3&#8243;][\/vc_column][\/vc_row]<\/p>\n","protected":false},"excerpt":{"rendered":"<p>[vc_row content_width=&#8221;grid&#8221;][vc_column width=&#8221;2\/3&#8243;][\/vc_column][vc_column width=&#8221;1\/3&#8243;][\/vc_column][\/vc_row]<\/p>\n","protected":false},"author":4,"featured_media":0,"parent":0,"menu_order":0,"comment_status":"closed","ping_status":"closed","template":"","meta":[],"_links":{"self":[{"href":"https:\/\/arturbajove.castello.es\/ca\/wp-json\/wp\/v2\/pages\/6284"}],"collection":[{"href":"https:\/\/arturbajove.castello.es\/ca\/wp-json\/wp\/v2\/pages"}],"about":[{"href":"https:\/\/arturbajove.castello.es\/ca\/wp-json\/wp\/v2\/types\/page"}],"author":[{"embeddable":true,"href":"https:\/\/arturbajove.castello.es\/ca\/wp-json\/wp\/v2\/users\/4"}],"replies":[{"embeddable":true,"href":"https:\/\/arturbajove.castello.es\/ca\/wp-json\/wp\/v2\/comments?post=6284"}],"version-history":[{"count":12,"href":"https:\/\/arturbajove.castello.es\/ca\/wp-json\/wp\/v2\/pages\/6284\/revisions"}],"predecessor-version":[{"id":7780,"href":"https:\/\/arturbajove.castello.es\/ca\/wp-json\/wp\/v2\/pages\/6284\/revisions\/7780"}],"wp:attachment":[{"href":"https:\/\/arturbajove.castello.es\/ca\/wp-json\/wp\/v2\/media?parent=6284"}],"curies":[{"name":"wp","href":"https:\/\/api.w.org\/{rel}","templated":true}]}}