{"id":6264,"date":"2018-02-08T13:46:25","date_gmt":"2018-02-08T13:46:25","guid":{"rendered":"http:\/\/arturbajove.com\/?page_id=6264"},"modified":"2018-10-08T06:43:14","modified_gmt":"2018-10-08T06:43:14","slug":"altres-disciplines","status":"publish","type":"page","link":"https:\/\/arturbajove.castello.es\/ca\/disciplines-artistiques\/altres-disciplines\/","title":{"rendered":"ALTRES DISCIPLINES"},"content":{"rendered":"<p>[vc_row][vc_column][\/vc_column][\/vc_row][vc_row][vc_column width=&#8221;1\/2&#8243;][vc_column_text]<\/p>\n<p align=\"justify\">Des del projecte ART URB\u00c0 JOVE es pret\u00e9n augmentar la visibilitat dels\/de les artistes joves de la nostra ciutat. A m\u00e9s del grafit i la m\u00fasica, amb el temps s&#8217;aniran incorporant al web altres disciplines art\u00edstiques.<\/p>\n<p align=\"justify\">Si est\u00e0s interessat\/ada en alguna disciplina art\u00edstica concreta, per favor, fes-nos arribar els teus suggeriments a trav\u00e9s del formulari de contacte.<\/p>\n<p>[\/vc_column_text]<a href=\"\/ca\/contacte\/\" target=\"_self\" style=\"font-weight: 600;margin: 20px 0px 0px 0px\" class=\"edgtf-btn edgtf-btn-medium edgtf-btn-outline\"  >\n\t<span class=\"edgtf-btn-text\">Formulari contacte<\/span>\n    <\/a>[\/vc_column][vc_column width=&#8221;1\/2&#8243;][vc_column_text]<img loading=\"lazy\" class=\"alignnone wp-image-7174 size-full\" src=\"\/wp-content\/uploads\/2018\/08\/otras1.jpg\" alt=\"\" width=\"500\" height=\"232\" srcset=\"https:\/\/arturbajove.castello.es\/wp-content\/uploads\/2018\/08\/otras1.jpg 500w, https:\/\/arturbajove.castello.es\/wp-content\/uploads\/2018\/08\/otras1-300x139.jpg 300w\" sizes=\"(max-width: 500px) 100vw, 500px\" \/>[\/vc_column_text][\/vc_column][\/vc_row][vc_row][vc_column width=&#8221;1\/2&#8243;][vc_empty_space][vc_column_text]<\/p>\n<h1 style=\"text-align: center;\"><\/h1>\n<p>[\/vc_column_text][\/vc_column][vc_column width=&#8221;1\/2&#8243;][vc_empty_space][vc_column_text]<\/p>\n<h1 style=\"text-align: center;\"><\/h1>\n<p>[\/vc_column_text][\/vc_column][\/vc_row][vc_row][vc_column][vc_column_text][\/vc_column_text][\/vc_column][\/vc_row]<\/p>\n","protected":false},"excerpt":{"rendered":"<p>[vc_row][vc_column][\/vc_column][\/vc_row][vc_row][vc_column width=&#8221;1\/2&#8243;][vc_column_text] Des del projecte ART URB\u00c0 JOVE es pret\u00e9n augmentar la visibilitat dels\/de les artistes joves de la nostra ciutat. A m\u00e9s del grafit i la m\u00fasica, amb el temps s&#8217;aniran incorporant al web altres disciplines art\u00edstiques. Si est\u00e0s interessat\/ada en alguna disciplina art\u00edstica&#8230;<\/p>\n","protected":false},"author":4,"featured_media":0,"parent":5622,"menu_order":0,"comment_status":"closed","ping_status":"closed","template":"","meta":[],"_links":{"self":[{"href":"https:\/\/arturbajove.castello.es\/ca\/wp-json\/wp\/v2\/pages\/6264"}],"collection":[{"href":"https:\/\/arturbajove.castello.es\/ca\/wp-json\/wp\/v2\/pages"}],"about":[{"href":"https:\/\/arturbajove.castello.es\/ca\/wp-json\/wp\/v2\/types\/page"}],"author":[{"embeddable":true,"href":"https:\/\/arturbajove.castello.es\/ca\/wp-json\/wp\/v2\/users\/4"}],"replies":[{"embeddable":true,"href":"https:\/\/arturbajove.castello.es\/ca\/wp-json\/wp\/v2\/comments?post=6264"}],"version-history":[{"count":23,"href":"https:\/\/arturbajove.castello.es\/ca\/wp-json\/wp\/v2\/pages\/6264\/revisions"}],"predecessor-version":[{"id":7667,"href":"https:\/\/arturbajove.castello.es\/ca\/wp-json\/wp\/v2\/pages\/6264\/revisions\/7667"}],"up":[{"embeddable":true,"href":"https:\/\/arturbajove.castello.es\/ca\/wp-json\/wp\/v2\/pages\/5622"}],"wp:attachment":[{"href":"https:\/\/arturbajove.castello.es\/ca\/wp-json\/wp\/v2\/media?parent=6264"}],"curies":[{"name":"wp","href":"https:\/\/api.w.org\/{rel}","templated":true}]}}