{"id":6260,"date":"2018-02-08T13:41:44","date_gmt":"2018-02-08T13:41:44","guid":{"rendered":"http:\/\/arturbajove.com\/?page_id=6260"},"modified":"2022-04-21T08:55:32","modified_gmt":"2022-04-21T08:55:32","slug":"musica","status":"publish","type":"page","link":"https:\/\/arturbajove.castello.es\/ca\/disciplines-artistiques\/musica\/","title":{"rendered":"M\u00daSICA"},"content":{"rendered":"<p>[vc_row][vc_column width=&#8221;1\/2&#8243;][vc_column_text]<\/p>\n<p align=\"justify\">Des del projecte ART URB\u00c0 JOVE es pret\u00e9n augmentar la visibilitat d&#8217;els i de les artistes joves de la nostra ciutat i les seues actuacions musicals. Per aquest motiu, es posa a la seua disposici\u00f3 locals d&#8217;assaig i un cens d&#8217;artistes musicals joves.<\/p>\n<p align=\"justify\">A continuaci\u00f3 t&#8217;oferim informaci\u00f3 sobre l&#8217;espai p\u00fablic en qu\u00e8 poder realitzar assajos, un cens d&#8217;artistes de m\u00fasica i not\u00edcies sobre ART URB\u00c0 JOVE &#8211; M\u00daSICA:<\/p>\n<p>[\/vc_column_text][\/vc_column][vc_column width=&#8221;1\/2&#8243;][vc_column_text]<img loading=\"lazy\" class=\"alignright wp-image-7166\" src=\"\/wp-content\/uploads\/2018\/08\/bajo-electrico1.jpg\" alt=\"\" width=\"499\" height=\"229\" \/>[\/vc_column_text][\/vc_column][\/vc_row][vc_row][vc_column width=&#8221;1\/2&#8243;][vc_empty_space height=&#8221;64px&#8221;][vc_column_text]<\/p>\n<h1 style=\"text-align: left;\">ESPAIS M\u00daSICA<\/h1>\n<p>[\/vc_column_text]<div class=\"edgtf-separator-holder clearfix  edgtf-separator-left\">\n\t<div class=\"edgtf-separator\" style=\"border-color: #55a3b7;width: 30px;border-bottom-width: 2px;margin-top: 17px;margin-bottom: 0px\"><\/div>\n<\/div>\n[vc_empty_space][vc_column_text]Des de l\u2019Ajuntament de Castell\u00f3, a trav\u00e9s de la Regidoria de Joventut, oferim locals d&#8217;assaig en TETUAN XIV MUSIC BOXES\u00a0perqu\u00e8 els\/les joves artistes puguen assajar.[\/vc_column_text][vc_empty_space height=&#8221;30px&#8221;][vc_column_text]<\/p>\n<h3>&#8211; INSCRIPCIONS I INFORMACI\u00d3<\/h3>\n<p>Si vols inscriure&#8217;t o sol\u00b7licitar m\u00e9s informaci\u00f3, pots adre\u00e7ar-te a:[\/vc_column_text][vc_empty_space height=&#8221;20px&#8221;][vc_column_text]Sales d&#8217;assaig &#8220;TETUAN XIV MUSIC BOXES&#8221;<br \/>\nC\/ Quadra Tercera, 1 &#8211; 12004 Castell\u00f3<br \/>\nTel. 964-21 21 74 90<br \/>\n<a href=\"mailto:tetuan14musicboxes@castello.es\">tetuan14musicboxes@castello.es<\/a><\/p>\n<p><strong>Horaris d\u2019obertura:<\/strong><\/p>\n<p><strong>Matins:<\/strong><\/p>\n<p>Dimarts i dijous de 10.00 h a 12.00 h.<\/p>\n<p><strong>Vesprades:<\/strong><\/p>\n<p>Dilluns a dijous de 17.30 h a 20.30 h.<\/p>\n<p>Divendres i dissabtes de 17.00 h a 21.00 h<\/p>\n<p>[\/vc_column_text][vc_empty_space height=&#8221;20px&#8221;]<a href=\"\/ca\/disciplines-artistiques\/musica\/espais-musica\/\" target=\"_self\" style=\"font-weight: 600;margin: 20px\" class=\"edgtf-btn edgtf-btn-medium edgtf-btn-outline\"  >\n\t<span class=\"edgtf-btn-text\">+INFO ESPAIS M\u00daSICA<\/span>\n    <\/a>[\/vc_column][vc_column width=&#8221;1\/2&#8243;][vc_empty_space height=&#8221;64px&#8221;][vc_column_text]<\/p>\n<h1 style=\"text-align: left;\">ARTISTES M\u00daSICA<\/h1>\n<p>[\/vc_column_text]<div class=\"edgtf-separator-holder clearfix  edgtf-separator-left\">\n\t<div class=\"edgtf-separator\" style=\"border-color: #55a3b7;border-style: solid;width: 30px;border-bottom-width: 2px;margin-top: 17px;margin-bottom: 0px\"><\/div>\n<\/div>\n[vc_empty_space][vc_column_text]Des del projecte ART URB\u00c0 JOVE es pret\u00e9n augmentar la visibilitat d&#8217;els i les artistes joves de la nostra ciutat i les seues actuacions musicals.[\/vc_column_text][vc_empty_space height=&#8221;20px&#8221;]<a href=\"\/ca\/artista-musica\/\" target=\"_self\" style=\"font-weight: 600\" class=\"edgtf-btn edgtf-btn-medium edgtf-btn-outline\"  >\n\t<span class=\"edgtf-btn-text\">+INFO CENS D&#039;ARTISTES JOVES - M\u00daSICA<\/span>\n    <\/a>[vc_empty_space height=&#8221;20px&#8221;][vc_column_text]<\/p>\n<h3>&#8211; SOL\u00b7LICITUD ALTA\/BAIXA<\/h3>\n<p>Si vols donar-te d&#8217;alta o de baixa en el directori d&#8217;artistes pots fer-ho a trav\u00e9s dels seg\u00fcents enlla\u00e7os:[\/vc_column_text][vc_empty_space height=&#8221;20px&#8221;]<a href=\"\/ca\/sol%c2%b7licitud-dalta-en-el-cens-de-artistes-jovenes\/\" target=\"_self\" style=\"font-weight: 600\" class=\"edgtf-btn edgtf-btn-medium edgtf-btn-solid\"  >\n\t<span class=\"edgtf-btn-text\">SOL\u00b7LICITUD D&#039;ALTA EN EL CENS D&#039;ARTISTES JOVES - M\u00daSICA<\/span>\n    <\/a>[vc_empty_space height=&#8221;20px&#8221;]<a href=\"\/ca\/sol%c2%b7licitud-de-baixa-en-el-cens-dartistes-jovens-musica\/\" target=\"_self\" style=\"font-weight: 600\" class=\"edgtf-btn edgtf-btn-medium edgtf-btn-solid\"  >\n\t<span class=\"edgtf-btn-text\">SOL\u00b7LICITUD DE BAIXA EN EL CENS D&#039;ARTISTES JOVES - M\u00daSICA<\/span>\n    <\/a>[vc_empty_space height=&#8221;20px&#8221;][\/vc_column][\/vc_row]<\/p>\n","protected":false},"excerpt":{"rendered":"<p>[vc_row][vc_column width=&#8221;1\/2&#8243;][vc_column_text] Des del projecte ART URB\u00c0 JOVE es pret\u00e9n augmentar la visibilitat d&#8217;els i de les artistes joves de la nostra ciutat i les seues actuacions musicals. Per aquest motiu, es posa a la seua disposici\u00f3 locals d&#8217;assaig i un cens d&#8217;artistes musicals joves&#8230;.<\/p>\n","protected":false},"author":4,"featured_media":0,"parent":5622,"menu_order":0,"comment_status":"closed","ping_status":"closed","template":"","meta":[],"_links":{"self":[{"href":"https:\/\/arturbajove.castello.es\/ca\/wp-json\/wp\/v2\/pages\/6260"}],"collection":[{"href":"https:\/\/arturbajove.castello.es\/ca\/wp-json\/wp\/v2\/pages"}],"about":[{"href":"https:\/\/arturbajove.castello.es\/ca\/wp-json\/wp\/v2\/types\/page"}],"author":[{"embeddable":true,"href":"https:\/\/arturbajove.castello.es\/ca\/wp-json\/wp\/v2\/users\/4"}],"replies":[{"embeddable":true,"href":"https:\/\/arturbajove.castello.es\/ca\/wp-json\/wp\/v2\/comments?post=6260"}],"version-history":[{"count":66,"href":"https:\/\/arturbajove.castello.es\/ca\/wp-json\/wp\/v2\/pages\/6260\/revisions"}],"predecessor-version":[{"id":8348,"href":"https:\/\/arturbajove.castello.es\/ca\/wp-json\/wp\/v2\/pages\/6260\/revisions\/8348"}],"up":[{"embeddable":true,"href":"https:\/\/arturbajove.castello.es\/ca\/wp-json\/wp\/v2\/pages\/5622"}],"wp:attachment":[{"href":"https:\/\/arturbajove.castello.es\/ca\/wp-json\/wp\/v2\/media?parent=6260"}],"curies":[{"name":"wp","href":"https:\/\/api.w.org\/{rel}","templated":true}]}}