{"id":5619,"date":"2017-12-22T01:28:15","date_gmt":"2017-12-22T01:28:15","guid":{"rendered":"http:\/\/arturbajove.com\/?page_id=5619"},"modified":"2018-10-08T07:42:36","modified_gmt":"2018-10-08T07:42:36","slug":"home","status":"publish","type":"page","link":"https:\/\/arturbajove.castello.es\/ca\/","title":{"rendered":"INICI"},"content":{"rendered":"<p>[vc_row][vc_column][rev_slider_vc alias=&#8221;valencia&#8221;][\/vc_column][\/vc_row][vc_row content_width=&#8221;grid&#8221; css=&#8221;.vc_custom_1511269350952{padding-top: 82px !important;padding-bottom: 75px !important;background-color: #ededed !important;}&#8221;][vc_column][vc_column_text css=&#8221;.vc_custom_1533208279196{padding-bottom: 0px !important;}&#8221;]<\/p>\n<h1>ART URB\u00c0 JOVE<\/h1>\n<p>[\/vc_column_text]<div class=\"edgtf-separator-holder clearfix  edgtf-separator-left\">\n\t<div class=\"edgtf-separator\" style=\"border-color: #55a3b7;border-style: solid;width: 30px;border-bottom-width: 2px;margin-top: 17px;margin-bottom: 39px\"><\/div>\n<\/div>\n[vc_column_text css=&#8221;.vc_custom_1538657870714{margin-bottom: 20px !important;}&#8221;]El projecte <strong>ART URB\u00c0 JOVE<\/strong> compr\u00e9n accions informatives, culturals, d&#8217;oci i temps lliure, formatives, d&#8217;implicaci\u00f3 i participaci\u00f3 juvenil, etc. que contribueixen a:[\/vc_column_text][vc_row_inner][vc_column_inner width=&#8221;1\/2&#8243;][vc_single_image image=&#8221;7240&#8243; img_size=&#8221;full&#8221; alignment=&#8221;center&#8221; css=&#8221;.vc_custom_1533567016501{margin-top: 2px !important;}&#8221;][\/vc_column_inner][vc_column_inner width=&#8221;1\/2&#8243;]<div class=\"edgtf-accordion-holder clearfix edgtf-toggle edgtf-initial \">\n\t<h4 class=\"clearfix edgtf-title-holder\">\n\t<span class=\"edgtf-accordion-mark edgtf-left-mark\">\n\t\t<span class=\"edgtf-accordion-mark-icon\">\n\t\t\t<span class=\"icon_plus\"><\/span>\n\t\t\t<span class=\"icon_minus-06\"><\/span>\n\t\t<\/span>\n\t<\/span>\n\t<span class=\"edgtf-tab-title\">\n\t\t<span class=\"edgtf-tab-title-inner\">\n\t\t\t Augmentar la visibilitat dels i de les artistes\t\t<\/span>\n\t<\/span>\n<\/h4>\n<div class=\"edgtf-accordion-content\">\n\t<div class=\"edgtf-accordion-content-inner\">\n\t\t[vc_column_text]<\/p>\n<p align=\"justify\">A trav\u00e9s d\u2019intervencions a l\u2019aire lliure, exposicions i de la creaci\u00f3 de censos d\u2019artistes joves i les seues obres que s\u2019inclouran en el web del projecte.<\/p>\n<p>[\/vc_column_text]\t<\/div>\n<\/div><h4 class=\"clearfix edgtf-title-holder\">\n\t<span class=\"edgtf-accordion-mark edgtf-left-mark\">\n\t\t<span class=\"edgtf-accordion-mark-icon\">\n\t\t\t<span class=\"icon_plus\"><\/span>\n\t\t\t<span class=\"icon_minus-06\"><\/span>\n\t\t<\/span>\n\t<\/span>\n\t<span class=\"edgtf-tab-title\">\n\t\t<span class=\"edgtf-tab-title-inner\">\n\t\t\tMillorar diferents entorns i espais urbans\t\t<\/span>\n\t<\/span>\n<\/h4>\n<div class=\"edgtf-accordion-content\">\n\t<div class=\"edgtf-accordion-content-inner\">\n\t\t[vc_column_text]Es crear\u00e0 una Base de dades d\u2019espais urbans sobre els quals es podr\u00e0 intervindre.[\/vc_column_text]\t<\/div>\n<\/div><h4 class=\"clearfix edgtf-title-holder\">\n\t<span class=\"edgtf-accordion-mark edgtf-left-mark\">\n\t\t<span class=\"edgtf-accordion-mark-icon\">\n\t\t\t<span class=\"icon_plus\"><\/span>\n\t\t\t<span class=\"icon_minus-06\"><\/span>\n\t\t<\/span>\n\t<\/span>\n\t<span class=\"edgtf-tab-title\">\n\t\t<span class=\"edgtf-tab-title-inner\">\n\t\t\tFormar a nous i noves artistes\t\t<\/span>\n\t<\/span>\n<\/h4>\n<div class=\"edgtf-accordion-content\">\n\t<div class=\"edgtf-accordion-content-inner\">\n\t\t[vc_column_text]Es\u00a0 promouran tallers art\u00edstics en el Casal Jove i en centres educatius de secund\u00e0ria de la nostra ciutat.[\/vc_column_text]\t<\/div>\n<\/div><h4 class=\"clearfix edgtf-title-holder\">\n\t<span class=\"edgtf-accordion-mark edgtf-left-mark\">\n\t\t<span class=\"edgtf-accordion-mark-icon\">\n\t\t\t<span class=\"icon_plus\"><\/span>\n\t\t\t<span class=\"icon_minus-06\"><\/span>\n\t\t<\/span>\n\t<\/span>\n\t<span class=\"edgtf-tab-title\">\n\t\t<span class=\"edgtf-tab-title-inner\">\n\t\t\tFomentar canals d\u2019informaci\u00f3 i di\u00e0leg estables\t\t<\/span>\n\t<\/span>\n<\/h4>\n<div class=\"edgtf-accordion-content\">\n\t<div class=\"edgtf-accordion-content-inner\">\n\t\t[vc_column_text]Entre la joventut i els organismes municipals, mitjan\u00e7ant l\u2019organitzaci\u00f3 de f\u00f2rums, xarrades, col\u00b7loquis, etc.[\/vc_column_text]\t<\/div>\n<\/div><h4 class=\"clearfix edgtf-title-holder\">\n\t<span class=\"edgtf-accordion-mark edgtf-left-mark\">\n\t\t<span class=\"edgtf-accordion-mark-icon\">\n\t\t\t<span class=\"icon_plus\"><\/span>\n\t\t\t<span class=\"icon_minus-06\"><\/span>\n\t\t<\/span>\n\t<\/span>\n\t<span class=\"edgtf-tab-title\">\n\t\t<span class=\"edgtf-tab-title-inner\">\n\t\t\tFacilitar l\u2019intercanvi entre grups de joves artistes\t\t<\/span>\n\t<\/span>\n<\/h4>\n<div class=\"edgtf-accordion-content\">\n\t<div class=\"edgtf-accordion-content-inner\">\n\t\t[vc_column_text]Joves artistes de la nostra ciutat amb altres joves europeus\/es a trav\u00e9s de programes d\u2019intercanvi.[\/vc_column_text]\t<\/div>\n<\/div><h4 class=\"clearfix edgtf-title-holder\">\n\t<span class=\"edgtf-accordion-mark edgtf-left-mark\">\n\t\t<span class=\"edgtf-accordion-mark-icon\">\n\t\t\t<span class=\"icon_plus\"><\/span>\n\t\t\t<span class=\"icon_minus-06\"><\/span>\n\t\t<\/span>\n\t<\/span>\n\t<span class=\"edgtf-tab-title\">\n\t\t<span class=\"edgtf-tab-title-inner\">\n\t\t\tDonar a con\u00e9ixer a la ciutadania el projecte\t\t<\/span>\n\t<\/span>\n<\/h4>\n<div class=\"edgtf-accordion-content\">\n\t<div class=\"edgtf-accordion-content-inner\">\n\t\t[vc_column_text]Difusi\u00f3 del projecte i dels\/de les joves artistes.[\/vc_column_text]\t<\/div>\n<\/div><\/div>[\/vc_column_inner][\/vc_row_inner][\/vc_column][\/vc_row][vc_row content_width=&#8221;grid&#8221; css=&#8221;.vc_custom_1533192090986{margin-top: 40px !important;}&#8221;][vc_column][vc_column_text]<\/p>\n<h1>DISCIPLINES ART\u00cdSTIQUES<\/h1>\n<p>[\/vc_column_text]<div class=\"edgtf-separator-holder clearfix  edgtf-separator-left\">\n\t<div class=\"edgtf-separator\" style=\"border-color: #55a3b7;border-style: solid;width: 30px;border-bottom-width: 2px;margin-top: 17px;margin-bottom: 39px\"><\/div>\n<\/div>\n[\/vc_column][\/vc_row][vc_row content_width=&#8221;grid&#8221; content_aligment=&#8221;center&#8221;][vc_column width=&#8221;1\/3&#8243;][vc_column_text]<a href=\"\/ca\/disciplines-artistiques\/grafit\/\"><img loading=\"lazy\" class=\"aligncenter wp-image-6408 size-full\" src=\"\/wp-content\/uploads\/2018\/02\/sprays23-e1523962708151.jpg\" alt=\"\" width=\"496\" height=\"358\" \/><\/a>[\/vc_column_text][vc_empty_space height=&#8221;20px&#8221;][vc_column_text]<\/p>\n<h3 style=\"text-align: center;\"><a href=\"\/ca\/disciplines-artistiques\/grafit\/\">GRAFIT<\/a><\/h3>\n<p>[\/vc_column_text][\/vc_column][vc_column width=&#8221;1\/3&#8243;][vc_column_text]<a href=\"\/ca\/disciplines-artistiques\/musica\/\"><img loading=\"lazy\" class=\"aligncenter wp-image-6759\" src=\"\/wp-content\/uploads\/2018\/04\/Guitarra-el\u00e9ctrica-e1523882003795.jpg\" alt=\"\" width=\"500\" height=\"361\" \/><\/a>[\/vc_column_text][vc_empty_space height=&#8221;20px&#8221;][vc_column_text]<\/p>\n<h3 style=\"text-align: center;\"><a href=\"\/ca\/disciplines-artistiques\/musica\/\">M\u00daSICA<\/a><\/h3>\n<p>[\/vc_column_text][\/vc_column][vc_column width=&#8221;1\/3&#8243;][vc_column_text]<a href=\"\/ca\/disciplines-artistiques\/altres-disciplines\/\"><img loading=\"lazy\" class=\"aligncenter wp-image-6740\" src=\"\/wp-content\/uploads\/2018\/04\/1\u00ba-COLOR-FOTO-2008-WEB-e1523963003572.jpg\" alt=\"\" width=\"498\" height=\"360\" \/><\/a>[\/vc_column_text][vc_empty_space height=&#8221;20px&#8221;][vc_column_text]<\/p>\n<h3 style=\"text-align: center;\"><a href=\"\/ca\/disciplines-artistiques\/altres-disciplines\/\">ALTRES DISCIPLINES<\/a><\/h3>\n<p>[\/vc_column_text][\/vc_column][\/vc_row][vc_row content_width=&#8221;grid&#8221; content_aligment=&#8221;center&#8221; css=&#8221;.vc_custom_1517475633638{margin-top: 40px !important;margin-bottom: 40px !important;}&#8221;][vc_column][vc_empty_space height=&#8221;64px&#8221;][vc_column_text]<\/p>\n<h1 style=\"text-align: left;\">\u00daLTIMES NOT\u00cdCIES<\/h1>\n<p>[\/vc_column_text]<div class=\"edgtf-separator-holder clearfix  edgtf-separator-left\">\n\t<div class=\"edgtf-separator\" style=\"border-color: #55a3b7;border-style: solid;width: 30px;border-bottom-width: 2px;margin-top: 17px;margin-bottom: 39px\"><\/div>\n<\/div>\n[vc_row_inner][vc_column_inner]<div class=\"edgtf-blog-list-holder edgtf-image-in-box \">\n\t<ul class=\"edgtf-blog-list\">\n\t<li class=\"edgtf-blog-list-item clearfix\">\n\t<div class=\"edgtf-blog-list-item-inner\">\n\t\t<div class=\"edgtf-item-image clearfix\">\n\t\t\t<a href=\"https:\/\/arturbajove.castello.es\/ca\/lliga-nacional-de-grafiti\/\">\n\t\t\t\t<img width=\"625\" height=\"625\" src=\"https:\/\/arturbajove.castello.es\/wp-content\/uploads\/2023\/11\/ligagrafitti.jpg\" class=\"attachment-full size-full wp-post-image\" alt=\"ligagrafiti\" loading=\"lazy\" srcset=\"https:\/\/arturbajove.castello.es\/wp-content\/uploads\/2023\/11\/ligagrafitti.jpg 625w, https:\/\/arturbajove.castello.es\/wp-content\/uploads\/2023\/11\/ligagrafitti-300x300.jpg 300w, https:\/\/arturbajove.castello.es\/wp-content\/uploads\/2023\/11\/ligagrafitti-150x150.jpg 150w, https:\/\/arturbajove.castello.es\/wp-content\/uploads\/2023\/11\/ligagrafitti-550x550.jpg 550w\" sizes=\"(max-width: 625px) 100vw, 625px\" \/>\t\t\t\t\n\t\t\t<\/a>\n\t\t<\/div>\n\t\t<div class=\"edgtf-item-text-holder\">\n\t\t\t<h4 class=\"edgtf-item-title \">\n\t\t\t\t<a href=\"https:\/\/arturbajove.castello.es\/ca\/lliga-nacional-de-grafiti\/\" >\n\t\t\t\t\tLLIGA NACIONAL DE GRAFITI\t\t\t\t<\/a>\n\t\t\t<\/h4>\n\t\t\t<div class=\"edgtf-item-info-section\">\n\t\t\t\t<div class=\"edgtf-post-info-date\">\n\t\t\t21\/11\/2023\t<\/div>\t\t\t<\/div>\n\t\t<\/div>\n\t<\/div>\t\n<\/li>\n<li class=\"edgtf-blog-list-item clearfix\">\n\t<div class=\"edgtf-blog-list-item-inner\">\n\t\t<div class=\"edgtf-item-image clearfix\">\n\t\t\t<a href=\"https:\/\/arturbajove.castello.es\/ca\/tetuan-rock-festival-3\/\">\n\t\t\t\t<img width=\"651\" height=\"915\" src=\"https:\/\/arturbajove.castello.es\/wp-content\/uploads\/2022\/02\/Cartel-completo-valenciano.png\" class=\"attachment-full size-full wp-post-image\" alt=\"\" loading=\"lazy\" srcset=\"https:\/\/arturbajove.castello.es\/wp-content\/uploads\/2022\/02\/Cartel-completo-valenciano.png 651w, https:\/\/arturbajove.castello.es\/wp-content\/uploads\/2022\/02\/Cartel-completo-valenciano-213x300.png 213w\" sizes=\"(max-width: 651px) 100vw, 651px\" \/>\t\t\t\t\n\t\t\t<\/a>\n\t\t<\/div>\n\t\t<div class=\"edgtf-item-text-holder\">\n\t\t\t<h4 class=\"edgtf-item-title \">\n\t\t\t\t<a href=\"https:\/\/arturbajove.castello.es\/ca\/tetuan-rock-festival-3\/\" >\n\t\t\t\t\tTETUAN ROCK FESTIVAL\t\t\t\t<\/a>\n\t\t\t<\/h4>\n\t\t\t<div class=\"edgtf-item-info-section\">\n\t\t\t\t<div class=\"edgtf-post-info-date\">\n\t\t\t24\/02\/2022\t<\/div>\t\t\t<\/div>\n\t\t<\/div>\n\t<\/div>\t\n<\/li>\n<li class=\"edgtf-blog-list-item clearfix\">\n\t<div class=\"edgtf-blog-list-item-inner\">\n\t\t<div class=\"edgtf-item-image clearfix\">\n\t\t\t<a href=\"https:\/\/arturbajove.castello.es\/ca\/guanyadors-pintura-mural-concursos-joventut-2021\/\">\n\t\t\t\t<img width=\"960\" height=\"720\" src=\"https:\/\/arturbajove.castello.es\/wp-content\/uploads\/2021\/12\/Noticias_concursos2021_val.jpg\" class=\"attachment-full size-full wp-post-image\" alt=\"concursosjoventut2021\" loading=\"lazy\" srcset=\"https:\/\/arturbajove.castello.es\/wp-content\/uploads\/2021\/12\/Noticias_concursos2021_val.jpg 960w, https:\/\/arturbajove.castello.es\/wp-content\/uploads\/2021\/12\/Noticias_concursos2021_val-300x225.jpg 300w, https:\/\/arturbajove.castello.es\/wp-content\/uploads\/2021\/12\/Noticias_concursos2021_val-768x576.jpg 768w, https:\/\/arturbajove.castello.es\/wp-content\/uploads\/2021\/12\/Noticias_concursos2021_val-800x600.jpg 800w\" sizes=\"(max-width: 960px) 100vw, 960px\" \/>\t\t\t\t\n\t\t\t<\/a>\n\t\t<\/div>\n\t\t<div class=\"edgtf-item-text-holder\">\n\t\t\t<h4 class=\"edgtf-item-title \">\n\t\t\t\t<a href=\"https:\/\/arturbajove.castello.es\/ca\/guanyadors-pintura-mural-concursos-joventut-2021\/\" >\n\t\t\t\t\tGUANYADORS PINTURA MURAL CONCURSOS JOVENTUT 2021\t\t\t\t<\/a>\n\t\t\t<\/h4>\n\t\t\t<div class=\"edgtf-item-info-section\">\n\t\t\t\t<div class=\"edgtf-post-info-date\">\n\t\t\t23\/12\/2021\t<\/div>\t\t\t<\/div>\n\t\t<\/div>\n\t<\/div>\t\n<\/li>\n\t<\/ul>\t\n<\/div>\n[\/vc_column_inner][\/vc_row_inner][vc_row_inner css=&#8221;.vc_custom_1533636113993{margin-top: 64px !important;}&#8221;][vc_column_inner][vc_column_text]<\/p>\n<h1 style=\"text-align: left;\">UN PROJECTE DE<\/h1>\n<p>[\/vc_column_text]<div class=\"edgtf-separator-holder clearfix  edgtf-separator-left\">\n\t<div class=\"edgtf-separator\" style=\"border-color: #55a3b7;border-style: solid;width: 30px;border-bottom-width: 2px;margin-top: 17px;margin-bottom: 39px\"><\/div>\n<\/div>\n[\/vc_column_inner][\/vc_row_inner][vc_single_image image=&#8221;7304&#8243; img_size=&#8221;full&#8221; alignment=&#8221;center&#8221; onclick=&#8221;custom_link&#8221; img_link_target=&#8221;_blank&#8221; link=&#8221;http:\/\/www.castello.es\/web30\/pages\/area_web20.php?cod0=5&#8243;][\/vc_column][\/vc_row]<\/p>\n","protected":false},"excerpt":{"rendered":"<p>[vc_row][vc_column][rev_slider_vc alias=&#8221;valencia&#8221;][\/vc_column][\/vc_row][vc_row content_width=&#8221;grid&#8221; css=&#8221;.vc_custom_1511269350952{padding-top: 82px !important;padding-bottom: 75px !important;background-color: #ededed !important;}&#8221;][vc_column][vc_column_text css=&#8221;.vc_custom_1533208279196{padding-bottom: 0px !important;}&#8221;] ART URB\u00c0 JOVE [\/vc_column_text][vc_column_text css=&#8221;.vc_custom_1538657870714{margin-bottom: 20px !important;}&#8221;]El projecte ART URB\u00c0 JOVE compr\u00e9n accions informatives, culturals, d&#8217;oci i temps lliure, formatives, d&#8217;implicaci\u00f3 i participaci\u00f3 juvenil, etc. que contribueixen a:[\/vc_column_text][vc_row_inner][vc_column_inner width=&#8221;1\/2&#8243;][vc_single_image image=&#8221;7240&#8243; img_size=&#8221;full&#8221; alignment=&#8221;center&#8221;&#8230;<\/p>\n","protected":false},"author":4,"featured_media":0,"parent":0,"menu_order":0,"comment_status":"closed","ping_status":"closed","template":"full-width.php","meta":[],"_links":{"self":[{"href":"https:\/\/arturbajove.castello.es\/ca\/wp-json\/wp\/v2\/pages\/5619"}],"collection":[{"href":"https:\/\/arturbajove.castello.es\/ca\/wp-json\/wp\/v2\/pages"}],"about":[{"href":"https:\/\/arturbajove.castello.es\/ca\/wp-json\/wp\/v2\/types\/page"}],"author":[{"embeddable":true,"href":"https:\/\/arturbajove.castello.es\/ca\/wp-json\/wp\/v2\/users\/4"}],"replies":[{"embeddable":true,"href":"https:\/\/arturbajove.castello.es\/ca\/wp-json\/wp\/v2\/comments?post=5619"}],"version-history":[{"count":124,"href":"https:\/\/arturbajove.castello.es\/ca\/wp-json\/wp\/v2\/pages\/5619\/revisions"}],"predecessor-version":[{"id":7688,"href":"https:\/\/arturbajove.castello.es\/ca\/wp-json\/wp\/v2\/pages\/5619\/revisions\/7688"}],"wp:attachment":[{"href":"https:\/\/arturbajove.castello.es\/ca\/wp-json\/wp\/v2\/media?parent=5619"}],"curies":[{"name":"wp","href":"https:\/\/api.w.org\/{rel}","templated":true}]}}